{"id":877,"date":"2026-04-23T14:23:25","date_gmt":"2026-04-23T12:23:25","guid":{"rendered":"https:\/\/cafetarot.de\/?page_id=877"},"modified":"2026-04-23T15:12:08","modified_gmt":"2026-04-23T13:12:08","slug":"heart-healing","status":"publish","type":"page","link":"https:\/\/cafetarot.de\/?page_id=877","title":{"rendered":"Heart Healing"},"content":{"rendered":"\t\t<div data-elementor-type=\"wp-page\" data-elementor-id=\"877\" class=\"elementor elementor-877\">\n\t\t\t\t\t\t<section class=\"elementor-section elementor-top-section elementor-element elementor-element-6dc4b2d elementor-section-boxed elementor-section-height-default elementor-section-height-default\" data-id=\"6dc4b2d\" data-element_type=\"section\">\n\t\t\t\t\t\t<div class=\"elementor-container elementor-column-gap-default\">\n\t\t\t\t\t<div class=\"aux-parallax-section elementor-column elementor-col-100 elementor-top-column elementor-element elementor-element-894b0ed\" data-id=\"894b0ed\" data-element_type=\"column\">\n\t\t\t<div class=\"elementor-widget-wrap elementor-element-populated\">\n\t\t\t\t\t\t<div class=\"elementor-element elementor-element-fe73433 elementor-widget elementor-widget-aux_modern_heading\" data-id=\"fe73433\" data-element_type=\"widget\" data-widget_type=\"aux_modern_heading.default\">\n\t\t\t\t<div class=\"elementor-widget-container\">\n\t\t\t\t\t<section class=\"aux-widget-modern-heading\">\n            <div class=\"aux-widget-inner\"><h2 class=\"aux-modern-heading-primary\">Heart Healing<\/h2><div class=\"aux-modern-heading-divider\"><\/div><div class=\"aux-modern-heading-description\"><h3 style=\"margin-bottom: 10px\" role=\"heading\">Dein Herz verdient Heilung!<\/h3><blockquote><p>Das\u00a0<em>Heart Healing Ritual<\/em>\u00a0ist eine tiefgreifende, emotionale Erfahrung, die dir hilft, emotionale Blockaden zu l\u00f6sen. In einem sicheren Rahmen arbeiten wir mit einem speziell geformten, innen hohlen Tonherz. Dieses Ritual verwandelt schmerzhafte Erinnerungen in wertvolle Erfahrungen \u2013 inspiriert von der Kintsugi-Philosophie: Lebensscherben in Gold verwandeln.<\/p><\/blockquote><div><h3 style=\"margin-bottom: 10px\" role=\"heading\">F\u00fcr wen ist dieses Ritual?<\/h3><ul style=\"margin-left: 20px;list-style-type: square\"><li>Sp\u00fcrst du, dass es Zeit f\u00fcr einen Neuanfang ist?<\/li><li>Du m\u00f6chtest eine schmerzhafte Trennung verarbeiten?<\/li><li>Du m\u00f6chtest alten Groll oder Trauer loslassen?<\/li><li>Du suchst nach mehr Selbstliebe und innerer Balance?<\/li><li>Du m\u00f6chtest dein Herz nach einer Entt\u00e4uschung wieder \u00f6ffnen?<\/li><li>Fehlt dir die Leidenschaft und Freude, weil du die Liebe f\u00fcr dein Leben nicht mehr f\u00fchlen kannst?<\/li><\/ul><\/div><div role=\"heading\"><div style=\"margin-bottom: 20px\" role=\"heading\">Au\u00dferdem nutzen wir die Kraft des Zeremoniellen Kakaos und spezielles R\u00e4ucherwerk um diese Heilung zu unterst\u00fctzen.<\/div><div style=\"margin-bottom: 20px\" role=\"heading\">Dauer: ca. 3 Stunden<\/div><div style=\"margin-bottom: 20px\" role=\"heading\">Kosten: Ton-Herz: 40\u20ac. \u00a0Ritual: 60\u20ac<\/div><div style=\"margin-bottom: 20px\" role=\"heading\">Alle weiteren Infos und Anmeldung \u00fcber mich in der Praxis.<\/div><div style=\"margin-bottom: 20px\" role=\"heading\">Lasst uns unserem Herzen die Aufmerksamkeit schenken die es verdient\u00a0 <img decoding=\"async\" class=\"an1\" src=\"https:\/\/fonts.gstatic.com\/s\/e\/notoemoji\/17.0\/2764_fe0f\/32.png\" alt=\"\u2764\ufe0f\" width=\"25\" height=\"25\" data-emoji=\"\u2764\ufe0f\" aria-label=\"\u2764\ufe0f\" \/><\/div><div role=\"heading\">Eure Caroline<\/div><\/div><\/div><\/div>\n        <\/section>\t\t\t\t<\/div>\n\t\t\t\t<\/div>\n\t\t\t\t\t<\/div>\n\t\t<\/div>\n\t\t\t\t\t<\/div>\n\t\t<\/section>\n\t\t\t\t<section class=\"elementor-section elementor-top-section elementor-element elementor-element-ce9321a elementor-section-boxed elementor-section-height-default elementor-section-height-default\" data-id=\"ce9321a\" data-element_type=\"section\">\n\t\t\t\t\t\t<div class=\"elementor-container elementor-column-gap-default\">\n\t\t\t\t\t<div class=\"aux-parallax-section elementor-column elementor-col-100 elementor-top-column elementor-element elementor-element-81b1c97\" data-id=\"81b1c97\" data-element_type=\"column\">\n\t\t\t<div class=\"elementor-widget-wrap elementor-element-populated\">\n\t\t\t\t\t\t<div class=\"elementor-element elementor-element-38abe2c elementor-widget elementor-widget-image\" data-id=\"38abe2c\" data-element_type=\"widget\" data-widget_type=\"image.default\">\n\t\t\t\t<div class=\"elementor-widget-container\">\n\t\t\t\t\t\t\t\t\t\t\t\t\t\t\t<img fetchpriority=\"high\" decoding=\"async\" width=\"768\" height=\"768\" src=\"https:\/\/cafetarot.de\/wp-content\/uploads\/2026\/04\/hearthealing-768x768.jpg\" class=\"attachment-medium_large size-medium_large wp-image-880\" alt=\"\" srcset=\"https:\/\/cafetarot.de\/wp-content\/uploads\/2026\/04\/hearthealing-768x768.jpg 768w, https:\/\/cafetarot.de\/wp-content\/uploads\/2026\/04\/hearthealing-300x300.jpg 300w, https:\/\/cafetarot.de\/wp-content\/uploads\/2026\/04\/hearthealing-1024x1024.jpg 1024w, https:\/\/cafetarot.de\/wp-content\/uploads\/2026\/04\/hearthealing-150x150.jpg 150w\" sizes=\"(max-width: 768px) 100vw, 768px\" \/>\t\t\t\t\t\t\t\t\t\t\t\t\t\t\t<\/div>\n\t\t\t\t<\/div>\n\t\t\t\t\t<\/div>\n\t\t<\/div>\n\t\t\t\t\t<\/div>\n\t\t<\/section>\n\t\t\t\t<\/div>\n\t\t","protected":false},"excerpt":{"rendered":"<p>Heart Healing Dein Herz verdient Heilung! Das\u00a0Heart Healing Ritual\u00a0ist eine tiefgreifende, emotionale Erfahrung, die dir hilft, emotionale Blockaden zu l\u00f6sen. In einem sicheren Rahmen arbeiten wir mit einem speziell geformten, innen hohlen Tonherz. Dieses Ritual verwandelt schmerzhafte Erinnerungen in wertvolle Erfahrungen \u2013 inspiriert von der Kintsugi-Philosophie: Lebensscherben in Gold verwandeln. F\u00fcr wen ist dieses Ritual? [&hellip;]<\/p>\n","protected":false},"author":1,"featured_media":0,"parent":0,"menu_order":0,"comment_status":"closed","ping_status":"closed","template":"","meta":{"footnotes":""},"class_list":["post-877","page","type-page","status-publish","hentry"],"yoast_head":"<!-- This site is optimized with the Yoast SEO plugin v27.4 - https:\/\/yoast.com\/product\/yoast-seo-wordpress\/ -->\n<title>Heart Healing - Caf\u00e9 Tarot<\/title>\n<meta name=\"description\" content=\"Tarot - Caf\u00e9 Tarot - Mannheim - Heidelberg - Rhein-Neckar - Edingen-Neckarhausen - Legung buchen\" \/>\n<meta name=\"robots\" content=\"index, follow, max-snippet:-1, max-image-preview:large, max-video-preview:-1\" \/>\n<link rel=\"canonical\" href=\"https:\/\/cafetarot.de\/?page_id=877\" \/>\n<meta property=\"og:locale\" content=\"de_DE\" \/>\n<meta property=\"og:type\" content=\"article\" \/>\n<meta property=\"og:title\" content=\"Heart Healing - Caf\u00e9 Tarot\" \/>\n<meta property=\"og:description\" content=\"Tarot - Caf\u00e9 Tarot - Mannheim - Heidelberg - Rhein-Neckar - Edingen-Neckarhausen - Legung buchen\" \/>\n<meta property=\"og:url\" content=\"https:\/\/cafetarot.de\/?page_id=877\" \/>\n<meta property=\"og:site_name\" content=\"Caf\u00e9 Tarot\" \/>\n<meta property=\"article:modified_time\" content=\"2026-04-23T13:12:08+00:00\" \/>\n<meta property=\"og:image\" content=\"https:\/\/fonts.gstatic.com\/s\/e\/notoemoji\/17.0\/2764_fe0f\/32.png\" \/>\n<meta name=\"twitter:card\" content=\"summary_large_image\" \/>\n<meta name=\"twitter:label1\" content=\"Gesch\u00e4tzte Lesezeit\" \/>\n\t<meta name=\"twitter:data1\" content=\"2\u00a0Minuten\" \/>\n<script type=\"application\/ld+json\" class=\"yoast-schema-graph\">{\"@context\":\"https:\\\/\\\/schema.org\",\"@graph\":[{\"@type\":\"WebPage\",\"@id\":\"https:\\\/\\\/cafetarot.de\\\/?page_id=877\",\"url\":\"https:\\\/\\\/cafetarot.de\\\/?page_id=877\",\"name\":\"Heart Healing - Caf\u00e9 Tarot\",\"isPartOf\":{\"@id\":\"https:\\\/\\\/cafetarot.de\\\/#website\"},\"primaryImageOfPage\":{\"@id\":\"https:\\\/\\\/cafetarot.de\\\/?page_id=877#primaryimage\"},\"image\":{\"@id\":\"https:\\\/\\\/cafetarot.de\\\/?page_id=877#primaryimage\"},\"thumbnailUrl\":\"https:\\\/\\\/fonts.gstatic.com\\\/s\\\/e\\\/notoemoji\\\/17.0\\\/2764_fe0f\\\/32.png\",\"datePublished\":\"2026-04-23T12:23:25+00:00\",\"dateModified\":\"2026-04-23T13:12:08+00:00\",\"description\":\"Tarot - Caf\u00e9 Tarot - Mannheim - Heidelberg - Rhein-Neckar - Edingen-Neckarhausen - Legung buchen\",\"breadcrumb\":{\"@id\":\"https:\\\/\\\/cafetarot.de\\\/?page_id=877#breadcrumb\"},\"inLanguage\":\"de\",\"potentialAction\":[{\"@type\":\"ReadAction\",\"target\":[\"https:\\\/\\\/cafetarot.de\\\/?page_id=877\"]}]},{\"@type\":\"ImageObject\",\"inLanguage\":\"de\",\"@id\":\"https:\\\/\\\/cafetarot.de\\\/?page_id=877#primaryimage\",\"url\":\"https:\\\/\\\/fonts.gstatic.com\\\/s\\\/e\\\/notoemoji\\\/17.0\\\/2764_fe0f\\\/32.png\",\"contentUrl\":\"https:\\\/\\\/fonts.gstatic.com\\\/s\\\/e\\\/notoemoji\\\/17.0\\\/2764_fe0f\\\/32.png\"},{\"@type\":\"BreadcrumbList\",\"@id\":\"https:\\\/\\\/cafetarot.de\\\/?page_id=877#breadcrumb\",\"itemListElement\":[{\"@type\":\"ListItem\",\"position\":1,\"name\":\"Home\",\"item\":\"https:\\\/\\\/cafetarot.de\\\/\"},{\"@type\":\"ListItem\",\"position\":2,\"name\":\"Heart Healing\"}]},{\"@type\":\"WebSite\",\"@id\":\"https:\\\/\\\/cafetarot.de\\\/#website\",\"url\":\"https:\\\/\\\/cafetarot.de\\\/\",\"name\":\"Caf\u00e9 Tarot\",\"description\":\"\",\"publisher\":{\"@id\":\"https:\\\/\\\/cafetarot.de\\\/#organization\"},\"potentialAction\":[{\"@type\":\"SearchAction\",\"target\":{\"@type\":\"EntryPoint\",\"urlTemplate\":\"https:\\\/\\\/cafetarot.de\\\/?s={search_term_string}\"},\"query-input\":{\"@type\":\"PropertyValueSpecification\",\"valueRequired\":true,\"valueName\":\"search_term_string\"}}],\"inLanguage\":\"de\"},{\"@type\":\"Organization\",\"@id\":\"https:\\\/\\\/cafetarot.de\\\/#organization\",\"name\":\"Caf\u00e9 Tarot\",\"url\":\"https:\\\/\\\/cafetarot.de\\\/\",\"logo\":{\"@type\":\"ImageObject\",\"inLanguage\":\"de\",\"@id\":\"https:\\\/\\\/cafetarot.de\\\/#\\\/schema\\\/logo\\\/image\\\/\",\"url\":\"https:\\\/\\\/cafetarot.de\\\/wp-content\\\/uploads\\\/2024\\\/08\\\/cropped-cafetarot_logo-e1723819629969.png\",\"contentUrl\":\"https:\\\/\\\/cafetarot.de\\\/wp-content\\\/uploads\\\/2024\\\/08\\\/cropped-cafetarot_logo-e1723819629969.png\",\"width\":200,\"height\":78,\"caption\":\"Caf\u00e9 Tarot\"},\"image\":{\"@id\":\"https:\\\/\\\/cafetarot.de\\\/#\\\/schema\\\/logo\\\/image\\\/\"}}]}<\/script>\n<!-- \/ Yoast SEO plugin. -->","yoast_head_json":{"title":"Heart Healing - Caf\u00e9 Tarot","description":"Tarot - Caf\u00e9 Tarot - Mannheim - Heidelberg - Rhein-Neckar - Edingen-Neckarhausen - Legung buchen","robots":{"index":"index","follow":"follow","max-snippet":"max-snippet:-1","max-image-preview":"max-image-preview:large","max-video-preview":"max-video-preview:-1"},"canonical":"https:\/\/cafetarot.de\/?page_id=877","og_locale":"de_DE","og_type":"article","og_title":"Heart Healing - Caf\u00e9 Tarot","og_description":"Tarot - Caf\u00e9 Tarot - Mannheim - Heidelberg - Rhein-Neckar - Edingen-Neckarhausen - Legung buchen","og_url":"https:\/\/cafetarot.de\/?page_id=877","og_site_name":"Caf\u00e9 Tarot","article_modified_time":"2026-04-23T13:12:08+00:00","og_image":[{"url":"https:\/\/fonts.gstatic.com\/s\/e\/notoemoji\/17.0\/2764_fe0f\/32.png","type":"","width":"","height":""}],"twitter_card":"summary_large_image","twitter_misc":{"Gesch\u00e4tzte Lesezeit":"2\u00a0Minuten"},"schema":{"@context":"https:\/\/schema.org","@graph":[{"@type":"WebPage","@id":"https:\/\/cafetarot.de\/?page_id=877","url":"https:\/\/cafetarot.de\/?page_id=877","name":"Heart Healing - Caf\u00e9 Tarot","isPartOf":{"@id":"https:\/\/cafetarot.de\/#website"},"primaryImageOfPage":{"@id":"https:\/\/cafetarot.de\/?page_id=877#primaryimage"},"image":{"@id":"https:\/\/cafetarot.de\/?page_id=877#primaryimage"},"thumbnailUrl":"https:\/\/fonts.gstatic.com\/s\/e\/notoemoji\/17.0\/2764_fe0f\/32.png","datePublished":"2026-04-23T12:23:25+00:00","dateModified":"2026-04-23T13:12:08+00:00","description":"Tarot - Caf\u00e9 Tarot - Mannheim - Heidelberg - Rhein-Neckar - Edingen-Neckarhausen - Legung buchen","breadcrumb":{"@id":"https:\/\/cafetarot.de\/?page_id=877#breadcrumb"},"inLanguage":"de","potentialAction":[{"@type":"ReadAction","target":["https:\/\/cafetarot.de\/?page_id=877"]}]},{"@type":"ImageObject","inLanguage":"de","@id":"https:\/\/cafetarot.de\/?page_id=877#primaryimage","url":"https:\/\/fonts.gstatic.com\/s\/e\/notoemoji\/17.0\/2764_fe0f\/32.png","contentUrl":"https:\/\/fonts.gstatic.com\/s\/e\/notoemoji\/17.0\/2764_fe0f\/32.png"},{"@type":"BreadcrumbList","@id":"https:\/\/cafetarot.de\/?page_id=877#breadcrumb","itemListElement":[{"@type":"ListItem","position":1,"name":"Home","item":"https:\/\/cafetarot.de\/"},{"@type":"ListItem","position":2,"name":"Heart Healing"}]},{"@type":"WebSite","@id":"https:\/\/cafetarot.de\/#website","url":"https:\/\/cafetarot.de\/","name":"Caf\u00e9 Tarot","description":"","publisher":{"@id":"https:\/\/cafetarot.de\/#organization"},"potentialAction":[{"@type":"SearchAction","target":{"@type":"EntryPoint","urlTemplate":"https:\/\/cafetarot.de\/?s={search_term_string}"},"query-input":{"@type":"PropertyValueSpecification","valueRequired":true,"valueName":"search_term_string"}}],"inLanguage":"de"},{"@type":"Organization","@id":"https:\/\/cafetarot.de\/#organization","name":"Caf\u00e9 Tarot","url":"https:\/\/cafetarot.de\/","logo":{"@type":"ImageObject","inLanguage":"de","@id":"https:\/\/cafetarot.de\/#\/schema\/logo\/image\/","url":"https:\/\/cafetarot.de\/wp-content\/uploads\/2024\/08\/cropped-cafetarot_logo-e1723819629969.png","contentUrl":"https:\/\/cafetarot.de\/wp-content\/uploads\/2024\/08\/cropped-cafetarot_logo-e1723819629969.png","width":200,"height":78,"caption":"Caf\u00e9 Tarot"},"image":{"@id":"https:\/\/cafetarot.de\/#\/schema\/logo\/image\/"}}]}},"_links":{"self":[{"href":"https:\/\/cafetarot.de\/index.php?rest_route=\/wp\/v2\/pages\/877","targetHints":{"allow":["GET"]}}],"collection":[{"href":"https:\/\/cafetarot.de\/index.php?rest_route=\/wp\/v2\/pages"}],"about":[{"href":"https:\/\/cafetarot.de\/index.php?rest_route=\/wp\/v2\/types\/page"}],"author":[{"embeddable":true,"href":"https:\/\/cafetarot.de\/index.php?rest_route=\/wp\/v2\/users\/1"}],"replies":[{"embeddable":true,"href":"https:\/\/cafetarot.de\/index.php?rest_route=%2Fwp%2Fv2%2Fcomments&post=877"}],"version-history":[{"count":4,"href":"https:\/\/cafetarot.de\/index.php?rest_route=\/wp\/v2\/pages\/877\/revisions"}],"predecessor-version":[{"id":883,"href":"https:\/\/cafetarot.de\/index.php?rest_route=\/wp\/v2\/pages\/877\/revisions\/883"}],"wp:attachment":[{"href":"https:\/\/cafetarot.de\/index.php?rest_route=%2Fwp%2Fv2%2Fmedia&parent=877"}],"curies":[{"name":"wp","href":"https:\/\/api.w.org\/{rel}","templated":true}]}}