{"id":826,"date":"2025-05-06T20:30:06","date_gmt":"2025-05-06T18:30:06","guid":{"rendered":"https:\/\/cafetarot.de\/?page_id=826"},"modified":"2025-06-02T10:27:47","modified_gmt":"2025-06-02T08:27:47","slug":"elementor-826","status":"publish","type":"page","link":"https:\/\/cafetarot.de\/?page_id=826","title":{"rendered":"Mondkreisfeste"},"content":{"rendered":"\t\t<div data-elementor-type=\"wp-page\" data-elementor-id=\"826\" class=\"elementor elementor-826\">\n\t\t\t\t\t\t<section class=\"elementor-section elementor-top-section elementor-element elementor-element-f24ff75 elementor-section-boxed elementor-section-height-default elementor-section-height-default\" data-id=\"f24ff75\" data-element_type=\"section\">\n\t\t\t\t\t\t<div class=\"elementor-container elementor-column-gap-default\">\n\t\t\t\t\t<div class=\"aux-parallax-section elementor-column elementor-col-100 elementor-top-column elementor-element elementor-element-cdda85d\" data-id=\"cdda85d\" data-element_type=\"column\">\n\t\t\t<div class=\"elementor-widget-wrap elementor-element-populated\">\n\t\t\t\t\t\t<div class=\"elementor-element elementor-element-c8a584d elementor-widget elementor-widget-aux_modern_heading\" data-id=\"c8a584d\" data-element_type=\"widget\" data-widget_type=\"aux_modern_heading.default\">\n\t\t\t\t<div class=\"elementor-widget-container\">\n\t\t\t\t\t<section class=\"aux-widget-modern-heading\">\n            <div class=\"aux-widget-inner\"><h2 class=\"aux-modern-heading-primary\">Mondkreisfeste zur St\u00e4rkung der Weiblichkeit\u200b\u200b<\/h2><div class=\"aux-modern-heading-divider\"><\/div><div class=\"aux-modern-heading-description\"><p style=\"text-align: center\"><span style=\"font-size: x-large\">In vielen Traditionen, germanisch, keltisch, heidnisch, oder auch in der schamanischen <\/span><span style=\"font-size: x-large\">Kultur, werden seit jeher die Zyklen der Natur in Form von Jahreskreisfesten gefeiert. <\/span><\/p><p style=\"text-align: center\"><span style=\"font-size: x-large\">Der Jahreszyklus ist in acht Abschnitte gegliedert, deren \u00dcberg\u00e4nge als sakrale Feste des <\/span><span style=\"font-size: x-large\">Lebens gefeiert werden k\u00f6nnen. Es ist der Wechsel des Sonnenstandes, der den <\/span><span style=\"font-size: x-large\">Jahreszeiten folgt.<\/span><\/p><p><span style=\"font-size: x-large\">Es werden insgesamt acht Feste gefeiert und deren Energien durch Rituale <\/span><span style=\"font-size: x-large\">genutzt. Es gibt keine strengen Regeln, vielmehr soll das Leben und die Kraft der Natur <\/span><span style=\"font-size: x-large\">anerkannt werden. Vier davon sind Sonnenfeste, die anderen vier sind Mondfeste.<\/span><\/p><p><span style=\"font-size: x-large\">Auch das Treffen in einem Frauenkreis als Ritual hat lange Tradition und wurde schon <\/span><span style=\"font-size: x-large\">immer genutzt, um die Kr\u00e4fte zu b\u00fcndeln und magisch zu arbeiten.<\/span><\/p><p><span style=\"font-size: x-large\">Besonders wir Frauen k\u00f6nnen von der Kraft des Mondes profitieren, weil wir und unser <\/span><span style=\"font-size: x-large\">K\u00f6rper einen Monatszyklus, so wie die \u201eMondin\u201c durchlaufen. Beide Zyklen dauern ca. 29 <\/span><span style=\"font-size: x-large\">Tage.<\/span><\/p><p><span style=\"font-size: x-large\">Die vier Mondphasen zunehmender Mond, Vollmond, abnehmender Mond und Neumond, <\/span><span style=\"font-size: x-large\">k\u00f6nnen auch den weiblichen Zyklusphasen zugeordnet werden.<\/span><\/p><\/div><\/div>\n        <\/section>\t\t\t\t<\/div>\n\t\t\t\t<\/div>\n\t\t\t\t\t<\/div>\n\t\t<\/div>\n\t\t\t\t\t<\/div>\n\t\t<\/section>\n\t\t\t\t<section class=\"elementor-section elementor-top-section elementor-element elementor-element-ab93e22 elementor-section-boxed elementor-section-height-default elementor-section-height-default\" data-id=\"ab93e22\" data-element_type=\"section\">\n\t\t\t\t\t\t<div class=\"elementor-container elementor-column-gap-default\">\n\t\t\t\t\t<div class=\"aux-parallax-section elementor-column elementor-col-100 elementor-top-column elementor-element elementor-element-00a49ca\" data-id=\"00a49ca\" data-element_type=\"column\">\n\t\t\t<div class=\"elementor-widget-wrap elementor-element-populated\">\n\t\t\t\t\t\t<div class=\"elementor-element elementor-element-d646462 elementor-widget elementor-widget-aux_modern_heading\" data-id=\"d646462\" data-element_type=\"widget\" data-widget_type=\"aux_modern_heading.default\">\n\t\t\t\t<div class=\"elementor-widget-container\">\n\t\t\t\t\t<section class=\"aux-widget-modern-heading\">\n            <div class=\"aux-widget-inner\"><h2 class=\"aux-modern-heading-primary\"><\/h2><div class=\"aux-modern-heading-divider\"><\/div><div class=\"aux-modern-heading-description\"><blockquote>\n<p style=\"font-size: xx-large;text-align: center\">In meiner Praxis m\u00f6chte ich die Kraft des Mondes mit euch nutzen, um\nunsere Weiblichkeit zu st\u00e4rken. Deshalb liegt mein Fokus auf den Mondfesten.\n<br \/><br \/>\nDrei Rituale, die uns st\u00e4rken, Neues erschaffen und die Magie in unser Leben holen.<\/p>\n<\/blockquote><\/div><\/div>\n        <\/section>\t\t\t\t<\/div>\n\t\t\t\t<\/div>\n\t\t\t\t\t<\/div>\n\t\t<\/div>\n\t\t\t\t\t<\/div>\n\t\t<\/section>\n\t\t\t\t<section class=\"elementor-section elementor-top-section elementor-element elementor-element-15f8231 elementor-section-boxed elementor-section-height-default elementor-section-height-default\" data-id=\"15f8231\" data-element_type=\"section\">\n\t\t\t\t\t\t<div class=\"elementor-container elementor-column-gap-default\">\n\t\t\t\t\t<div class=\"aux-parallax-section elementor-column elementor-col-100 elementor-top-column elementor-element elementor-element-23b156e\" data-id=\"23b156e\" data-element_type=\"column\">\n\t\t\t<div class=\"elementor-widget-wrap elementor-element-populated\">\n\t\t\t\t\t\t<div class=\"elementor-element elementor-element-9837291 elementor-widget elementor-widget-aux_modern_heading\" data-id=\"9837291\" data-element_type=\"widget\" data-widget_type=\"aux_modern_heading.default\">\n\t\t\t\t<div class=\"elementor-widget-container\">\n\t\t\t\t\t<section class=\"aux-widget-modern-heading\">\n            <div class=\"aux-widget-inner\"><h2 class=\"aux-modern-heading-primary\">Wir treffen uns zu drei speziellen Terminen und begr\u00fc\u00dfen die Mondg\u00f6ttin in unserem\nKreis.<\/h2><div class=\"aux-modern-heading-divider\"><\/div><div class=\"aux-modern-heading-description\"><p>Drei Mondg\u00f6ttinnen symbolisieren die Lebensabschnitte der Weiblichkeit.<br \/>Je nach Lebensaufgabe oder pers\u00f6nlichem Fokus tritt eine der G\u00f6ttinnen mehr in Kraft.<\/p><\/div><\/div>\n        <\/section>\t\t\t\t<\/div>\n\t\t\t\t<\/div>\n\t\t\t\t\t<\/div>\n\t\t<\/div>\n\t\t\t\t\t<\/div>\n\t\t<\/section>\n\t\t\t\t<section class=\"elementor-section elementor-top-section elementor-element elementor-element-1d9d620 elementor-section-boxed elementor-section-height-default elementor-section-height-default\" data-id=\"1d9d620\" data-element_type=\"section\">\n\t\t\t\t\t\t<div class=\"elementor-container elementor-column-gap-default\">\n\t\t\t\t\t<div class=\"aux-parallax-section elementor-column elementor-col-100 elementor-top-column elementor-element elementor-element-4a32d7f\" data-id=\"4a32d7f\" data-element_type=\"column\">\n\t\t\t<div class=\"elementor-widget-wrap elementor-element-populated\">\n\t\t\t\t\t\t<div class=\"elementor-element elementor-element-df083df elementor-widget elementor-widget-aux_modern_heading\" data-id=\"df083df\" data-element_type=\"widget\" data-widget_type=\"aux_modern_heading.default\">\n\t\t\t\t<div class=\"elementor-widget-container\">\n\t\t\t\t\t<section class=\"aux-widget-modern-heading\">\n            <div class=\"aux-widget-inner\"><h2 class=\"aux-modern-heading-primary\">Im Februar zum Lichterfest, machen wir uns auf den Weg zur wei\u00dfen Mondg\u00f6ttin.<\/h2><div class=\"aux-modern-heading-divider\"><\/div><div class=\"aux-modern-heading-description\"><p style=\"text-align: center\">Die wei\u00dfe Mondg\u00f6ttin steht f\u00fcr die kindliche, werdende Frau in uns, besonders<br \/>wenn wir Klarheit suchen, neue Visionen entstehen lassen wollen.<br \/>Sie steht f\u00fcr Spontanit\u00e4t, neue Gedanken, neue Wege und W\u00fcnsche manifestieren, eine neue Vision kreieren und Altes loslassen.<br \/>Welche neue Vision darf sich dir jetzt zeigen? Welche W\u00fcnsche gibst du jetzt mit der Kraft des Lichtes in dein Jahr? Was m\u00f6chtest du empfangen?<br \/>All das k\u00f6nnen wir auf unserer Reise zur wei\u00dfen Mondg\u00f6ttin erfahren.<br \/>Sie \u00f6ffnet unser drittes Auge und verbindet uns mit unserer Vision.<\/p><\/div><\/div>\n        <\/section>\t\t\t\t<\/div>\n\t\t\t\t<\/div>\n\t\t\t\t\t<\/div>\n\t\t<\/div>\n\t\t\t\t\t<\/div>\n\t\t<\/section>\n\t\t\t\t<section class=\"elementor-section elementor-top-section elementor-element elementor-element-c7f47ac elementor-section-boxed elementor-section-height-default elementor-section-height-default\" data-id=\"c7f47ac\" data-element_type=\"section\">\n\t\t\t\t\t\t<div class=\"elementor-container elementor-column-gap-default\">\n\t\t\t\t\t<div class=\"aux-parallax-section elementor-column elementor-col-100 elementor-top-column elementor-element elementor-element-3019227\" data-id=\"3019227\" data-element_type=\"column\">\n\t\t\t<div class=\"elementor-widget-wrap elementor-element-populated\">\n\t\t\t\t\t\t<div class=\"elementor-element elementor-element-6e0c8ec elementor-widget elementor-widget-aux_modern_heading\" data-id=\"6e0c8ec\" data-element_type=\"widget\" data-widget_type=\"aux_modern_heading.default\">\n\t\t\t\t<div class=\"elementor-widget-container\">\n\t\t\t\t\t<section class=\"aux-widget-modern-heading\">\n            <div class=\"aux-widget-inner\"><h2 class=\"aux-modern-heading-primary\">Im Mai zu Beltane, treffen wir die rote Mondg\u00f6ttin.<\/h2><div class=\"aux-modern-heading-divider\"><\/div><div class=\"aux-modern-heading-description\"><p>Die rote Mondg\u00f6ttin zeigt die fruchtbare, erwachsene Frau in uns. Hier stehen Aspekte des Lebens wie Fruchtbarkeit, F\u00fclle und Liebe im Vordergrund.<br \/>Durch sie haben wir die Kraft die Dinge des Lebens anzupacken und umzusetzen.<br \/>Heute geht es um Fruchtbarkeit, Leidenschaft, Liebe annehmen und darum unsere Selbstliebe zu st\u00e4rken.<br \/>Bei diesem Ritual \u00f6ffnen wir unser Herz- Chakra und laden so die Liebe bewusst in unser Leben ein.<br \/>Es geht um Heilung, die immer entsteht, wenn die Liebe frei in uns flie\u00dfen darf. Liebe, Leidenschaft und Kreativit\u00e4t sind Energien dieses Rituals.<\/p><\/div><\/div>\n        <\/section>\t\t\t\t<\/div>\n\t\t\t\t<\/div>\n\t\t\t\t\t<\/div>\n\t\t<\/div>\n\t\t\t\t\t<\/div>\n\t\t<\/section>\n\t\t\t\t<section class=\"elementor-section elementor-top-section elementor-element elementor-element-edf1b5c elementor-section-boxed elementor-section-height-default elementor-section-height-default\" data-id=\"edf1b5c\" data-element_type=\"section\">\n\t\t\t\t\t\t<div class=\"elementor-container elementor-column-gap-default\">\n\t\t\t\t\t<div class=\"aux-parallax-section elementor-column elementor-col-100 elementor-top-column elementor-element elementor-element-a4e1266\" data-id=\"a4e1266\" data-element_type=\"column\">\n\t\t\t<div class=\"elementor-widget-wrap elementor-element-populated\">\n\t\t\t\t\t\t<div class=\"elementor-element elementor-element-04092f8 elementor-widget elementor-widget-aux_modern_heading\" data-id=\"04092f8\" data-element_type=\"widget\" data-widget_type=\"aux_modern_heading.default\">\n\t\t\t\t<div class=\"elementor-widget-container\">\n\t\t\t\t\t<section class=\"aux-widget-modern-heading\">\n            <div class=\"aux-widget-inner\"><h2 class=\"aux-modern-heading-primary\">Im November zu Samhain reisen wir zur schwarzen Mondg\u00f6ttin.<\/h2><div class=\"aux-modern-heading-divider\"><\/div><div class=\"aux-modern-heading-description\"><p>Die schwarze Mondg\u00f6ttin spiegelt unsere weise, reife weibliche Kraft wider, die wir alle in uns tragen.<br \/>Sie h\u00fctet den gro\u00dfen Schatz der Lebenserfahrung.<br \/>Sie kann das Leben aus einer guten Distanz betrachten und nimmt alles nicht mehr so ernst. Sie muss nicht mehr gefallen. Sie g\u00f6nnt sich Spa\u00df, pfeift auf die Vernunft, denn sie kennt die Abl\u00e4ufe der Welt und des Lebens.<br \/>Sie schaut durch die Schleier von Zeit und Raum.<br \/>Hierbei geht es um Verwandlung, Reflexion und Dankbarkeit.<br \/>Wir ehren unsere Weiblichkeit und wie weit wir schon gekommen sind auf unserer Reise.<br \/>Wir nehmen uns so an wie wir sind und sind stolz darauf.<br \/>Was in deinem Leben darf jetzt gehen, was hat seine Zeit gehabt?<br \/>Was h\u00e4lt dich ab dich frei zu f\u00fchlen, wo h\u00e4ltst du dich noch zur\u00fcck.<br \/>Was darf jetzt Neues entstehen?<\/p><\/div><\/div>\n        <\/section>\t\t\t\t<\/div>\n\t\t\t\t<\/div>\n\t\t\t\t\t<\/div>\n\t\t<\/div>\n\t\t\t\t\t<\/div>\n\t\t<\/section>\n\t\t\t\t<section class=\"elementor-section elementor-top-section elementor-element elementor-element-accb736 elementor-section-boxed elementor-section-height-default elementor-section-height-default\" data-id=\"accb736\" data-element_type=\"section\">\n\t\t\t\t\t\t<div class=\"elementor-container elementor-column-gap-default\">\n\t\t\t\t\t<div class=\"aux-parallax-section elementor-column elementor-col-100 elementor-top-column elementor-element elementor-element-94dce67\" data-id=\"94dce67\" data-element_type=\"column\">\n\t\t\t<div class=\"elementor-widget-wrap elementor-element-populated\">\n\t\t\t\t\t\t<div class=\"elementor-element elementor-element-a409843 elementor-widget elementor-widget-aux_modern_heading\" data-id=\"a409843\" data-element_type=\"widget\" data-widget_type=\"aux_modern_heading.default\">\n\t\t\t\t<div class=\"elementor-widget-container\">\n\t\t\t\t\t<section class=\"aux-widget-modern-heading\">\n            <div class=\"aux-widget-inner\"><h2 class=\"aux-modern-heading-primary\">Ablauf der Rituale:<\/h2><div class=\"aux-modern-heading-divider\"><\/div><div class=\"aux-modern-heading-description\"><p>Zu jedem Mondkreistreffen werden wir maximal 8 Frauen sein.<br \/>Nach der Begr\u00fc\u00dfung und kurzem Kennenlernen werden wir unsere Energien reinigen<br \/>durch das R\u00e4uchern mit unterschiedlichen Kr\u00e4utern.<\/p><p>Es folgt eine gemeinsame Kakaozeremonie, mit zeremoniellem Kakao, der unser<br \/>Bewusstsein sanft \u00f6ffnet. Dadurch werden wir leichter unsere Botschaften empfangen<br \/>k\u00f6nnen.<\/p><p>Anschlie\u00dfend laden wir die jeweilige Mondg\u00f6ttin in unseren Kreis ein und begegnen ihr in der Meditation.<\/p><p>Wenn wir zur\u00fcck im Hier und Jetzt angekommen sind, werdet ihr noch Botschaften \u00fcber<br \/>das Tarot durch mich erhalten. Das Tarot ist ein wundervolles Werkzeug, um zus\u00e4tzlich<br \/>innere Blockaden zu erkennen und neue Impulse f\u00fcr unser Leben zu empfangen.<\/p><p>Abschlie\u00dfend bekr\u00e4ftigen wir das Ritual mit Feuerkraft.<\/p><p>Bitte sprecht mich einfach an, falls noch Fragen offen sind. Telefonisch oder in der<br \/>Praxis.<\/p><\/div><\/div>\n        <\/section>\t\t\t\t<\/div>\n\t\t\t\t<\/div>\n\t\t\t\t\t<\/div>\n\t\t<\/div>\n\t\t\t\t\t<\/div>\n\t\t<\/section>\n\t\t\t\t<section class=\"elementor-section elementor-top-section elementor-element elementor-element-9db2261 elementor-section-boxed elementor-section-height-default elementor-section-height-default\" data-id=\"9db2261\" data-element_type=\"section\">\n\t\t\t\t\t\t<div class=\"elementor-container elementor-column-gap-default\">\n\t\t\t\t\t<div class=\"aux-parallax-section elementor-column elementor-col-100 elementor-top-column elementor-element elementor-element-4e57e60\" data-id=\"4e57e60\" data-element_type=\"column\">\n\t\t\t<div class=\"elementor-widget-wrap elementor-element-populated\">\n\t\t\t\t\t\t<div class=\"elementor-element elementor-element-fbac455 elementor-widget elementor-widget-aux_modern_heading\" data-id=\"fbac455\" data-element_type=\"widget\" data-widget_type=\"aux_modern_heading.default\">\n\t\t\t\t<div class=\"elementor-widget-container\">\n\t\t\t\t\t<section class=\"aux-widget-modern-heading\">\n            <div class=\"aux-widget-inner\"><h2 class=\"aux-modern-heading-primary\"><\/h2><div class=\"aux-modern-heading-divider\"><\/div><div class=\"aux-modern-heading-description\"><p style=\"text-align: center\">Energieausgleich: 55\u20ac<br \/>Dauer: ca. 2 1\u20442 Stunden<br \/>Wo: in meiner Osteopathie Praxis<br \/>Anmeldung bitte direkt \u00fcber mich oder telefonisch \u00fcber die Praxis.<\/p><p style=\"text-align: center;font-size: xx-large\"><strong>Genaue Termine folgen und erscheinen auf der Homepage bzw. in der Praxis.<\/strong><\/p><p style=\"text-align: center\">Lasst uns gemeinsam die Frauen-Kraft in uns st\u00e4rken, neu entdecken und zusammen<br \/>unsere magische Weiblichkeit entfachen.<\/p><p style=\"text-align: center\">Ich freue mich wahnsinnig auf euch.<\/p><p style=\"text-align: center\">Eure Caroline<\/p><\/div><\/div>\n        <\/section>\t\t\t\t<\/div>\n\t\t\t\t<\/div>\n\t\t\t\t\t<\/div>\n\t\t<\/div>\n\t\t\t\t\t<\/div>\n\t\t<\/section>\n\t\t\t\t<\/div>\n\t\t","protected":false},"excerpt":{"rendered":"<p>Mondkreisfeste zur St\u00e4rkung der Weiblichkeit\u200b\u200b In vielen Traditionen, germanisch, keltisch, heidnisch, oder auch in der schamanischen Kultur, werden seit jeher die Zyklen der Natur in Form von Jahreskreisfesten gefeiert. Der Jahreszyklus ist in acht Abschnitte gegliedert, deren \u00dcberg\u00e4nge als sakrale Feste des Lebens gefeiert werden k\u00f6nnen. Es ist der Wechsel des Sonnenstandes, der den Jahreszeiten [&hellip;]<\/p>\n","protected":false},"author":1,"featured_media":0,"parent":0,"menu_order":0,"comment_status":"closed","ping_status":"closed","template":"","meta":{"footnotes":""},"class_list":["post-826","page","type-page","status-publish","hentry"],"yoast_head":"<!-- This site is optimized with the Yoast SEO plugin v27.3 - https:\/\/yoast.com\/product\/yoast-seo-wordpress\/ -->\n<title>Mondkreisfeste - Caf\u00e9 Tarot<\/title>\n<meta name=\"description\" content=\"Tarot - Caf\u00e9 Tarot - Mannheim - Heidelberg - Rhein-Neckar - Edingen-Neckarhausen - Legung buchen\" \/>\n<meta name=\"robots\" content=\"index, follow, max-snippet:-1, max-image-preview:large, max-video-preview:-1\" \/>\n<link rel=\"canonical\" href=\"https:\/\/cafetarot.de\/?page_id=826\" \/>\n<meta property=\"og:locale\" content=\"de_DE\" \/>\n<meta property=\"og:type\" content=\"article\" \/>\n<meta property=\"og:title\" content=\"Mondkreisfeste - Caf\u00e9 Tarot\" \/>\n<meta property=\"og:description\" content=\"Tarot - Caf\u00e9 Tarot - Mannheim - Heidelberg - Rhein-Neckar - Edingen-Neckarhausen - Legung buchen\" \/>\n<meta property=\"og:url\" content=\"https:\/\/cafetarot.de\/?page_id=826\" \/>\n<meta property=\"og:site_name\" content=\"Caf\u00e9 Tarot\" \/>\n<meta property=\"article:modified_time\" content=\"2025-06-02T08:27:47+00:00\" \/>\n<meta name=\"twitter:card\" content=\"summary_large_image\" \/>\n<meta name=\"twitter:label1\" content=\"Gesch\u00e4tzte Lesezeit\" \/>\n\t<meta name=\"twitter:data1\" content=\"5\u00a0Minuten\" \/>\n<script type=\"application\/ld+json\" class=\"yoast-schema-graph\">{\"@context\":\"https:\\\/\\\/schema.org\",\"@graph\":[{\"@type\":\"WebPage\",\"@id\":\"https:\\\/\\\/cafetarot.de\\\/?page_id=826\",\"url\":\"https:\\\/\\\/cafetarot.de\\\/?page_id=826\",\"name\":\"Mondkreisfeste - Caf\u00e9 Tarot\",\"isPartOf\":{\"@id\":\"https:\\\/\\\/cafetarot.de\\\/#website\"},\"datePublished\":\"2025-05-06T18:30:06+00:00\",\"dateModified\":\"2025-06-02T08:27:47+00:00\",\"description\":\"Tarot - Caf\u00e9 Tarot - Mannheim - Heidelberg - Rhein-Neckar - Edingen-Neckarhausen - Legung buchen\",\"breadcrumb\":{\"@id\":\"https:\\\/\\\/cafetarot.de\\\/?page_id=826#breadcrumb\"},\"inLanguage\":\"de\",\"potentialAction\":[{\"@type\":\"ReadAction\",\"target\":[\"https:\\\/\\\/cafetarot.de\\\/?page_id=826\"]}]},{\"@type\":\"BreadcrumbList\",\"@id\":\"https:\\\/\\\/cafetarot.de\\\/?page_id=826#breadcrumb\",\"itemListElement\":[{\"@type\":\"ListItem\",\"position\":1,\"name\":\"Home\",\"item\":\"https:\\\/\\\/cafetarot.de\\\/\"},{\"@type\":\"ListItem\",\"position\":2,\"name\":\"Mondkreisfeste\"}]},{\"@type\":\"WebSite\",\"@id\":\"https:\\\/\\\/cafetarot.de\\\/#website\",\"url\":\"https:\\\/\\\/cafetarot.de\\\/\",\"name\":\"Caf\u00e9 Tarot\",\"description\":\"\",\"publisher\":{\"@id\":\"https:\\\/\\\/cafetarot.de\\\/#organization\"},\"potentialAction\":[{\"@type\":\"SearchAction\",\"target\":{\"@type\":\"EntryPoint\",\"urlTemplate\":\"https:\\\/\\\/cafetarot.de\\\/?s={search_term_string}\"},\"query-input\":{\"@type\":\"PropertyValueSpecification\",\"valueRequired\":true,\"valueName\":\"search_term_string\"}}],\"inLanguage\":\"de\"},{\"@type\":\"Organization\",\"@id\":\"https:\\\/\\\/cafetarot.de\\\/#organization\",\"name\":\"Caf\u00e9 Tarot\",\"url\":\"https:\\\/\\\/cafetarot.de\\\/\",\"logo\":{\"@type\":\"ImageObject\",\"inLanguage\":\"de\",\"@id\":\"https:\\\/\\\/cafetarot.de\\\/#\\\/schema\\\/logo\\\/image\\\/\",\"url\":\"https:\\\/\\\/cafetarot.de\\\/wp-content\\\/uploads\\\/2024\\\/08\\\/cropped-cafetarot_logo-e1723819629969.png\",\"contentUrl\":\"https:\\\/\\\/cafetarot.de\\\/wp-content\\\/uploads\\\/2024\\\/08\\\/cropped-cafetarot_logo-e1723819629969.png\",\"width\":200,\"height\":78,\"caption\":\"Caf\u00e9 Tarot\"},\"image\":{\"@id\":\"https:\\\/\\\/cafetarot.de\\\/#\\\/schema\\\/logo\\\/image\\\/\"}}]}<\/script>\n<!-- \/ Yoast SEO plugin. -->","yoast_head_json":{"title":"Mondkreisfeste - Caf\u00e9 Tarot","description":"Tarot - Caf\u00e9 Tarot - Mannheim - Heidelberg - Rhein-Neckar - Edingen-Neckarhausen - Legung buchen","robots":{"index":"index","follow":"follow","max-snippet":"max-snippet:-1","max-image-preview":"max-image-preview:large","max-video-preview":"max-video-preview:-1"},"canonical":"https:\/\/cafetarot.de\/?page_id=826","og_locale":"de_DE","og_type":"article","og_title":"Mondkreisfeste - Caf\u00e9 Tarot","og_description":"Tarot - Caf\u00e9 Tarot - Mannheim - Heidelberg - Rhein-Neckar - Edingen-Neckarhausen - Legung buchen","og_url":"https:\/\/cafetarot.de\/?page_id=826","og_site_name":"Caf\u00e9 Tarot","article_modified_time":"2025-06-02T08:27:47+00:00","twitter_card":"summary_large_image","twitter_misc":{"Gesch\u00e4tzte Lesezeit":"5\u00a0Minuten"},"schema":{"@context":"https:\/\/schema.org","@graph":[{"@type":"WebPage","@id":"https:\/\/cafetarot.de\/?page_id=826","url":"https:\/\/cafetarot.de\/?page_id=826","name":"Mondkreisfeste - Caf\u00e9 Tarot","isPartOf":{"@id":"https:\/\/cafetarot.de\/#website"},"datePublished":"2025-05-06T18:30:06+00:00","dateModified":"2025-06-02T08:27:47+00:00","description":"Tarot - Caf\u00e9 Tarot - Mannheim - Heidelberg - Rhein-Neckar - Edingen-Neckarhausen - Legung buchen","breadcrumb":{"@id":"https:\/\/cafetarot.de\/?page_id=826#breadcrumb"},"inLanguage":"de","potentialAction":[{"@type":"ReadAction","target":["https:\/\/cafetarot.de\/?page_id=826"]}]},{"@type":"BreadcrumbList","@id":"https:\/\/cafetarot.de\/?page_id=826#breadcrumb","itemListElement":[{"@type":"ListItem","position":1,"name":"Home","item":"https:\/\/cafetarot.de\/"},{"@type":"ListItem","position":2,"name":"Mondkreisfeste"}]},{"@type":"WebSite","@id":"https:\/\/cafetarot.de\/#website","url":"https:\/\/cafetarot.de\/","name":"Caf\u00e9 Tarot","description":"","publisher":{"@id":"https:\/\/cafetarot.de\/#organization"},"potentialAction":[{"@type":"SearchAction","target":{"@type":"EntryPoint","urlTemplate":"https:\/\/cafetarot.de\/?s={search_term_string}"},"query-input":{"@type":"PropertyValueSpecification","valueRequired":true,"valueName":"search_term_string"}}],"inLanguage":"de"},{"@type":"Organization","@id":"https:\/\/cafetarot.de\/#organization","name":"Caf\u00e9 Tarot","url":"https:\/\/cafetarot.de\/","logo":{"@type":"ImageObject","inLanguage":"de","@id":"https:\/\/cafetarot.de\/#\/schema\/logo\/image\/","url":"https:\/\/cafetarot.de\/wp-content\/uploads\/2024\/08\/cropped-cafetarot_logo-e1723819629969.png","contentUrl":"https:\/\/cafetarot.de\/wp-content\/uploads\/2024\/08\/cropped-cafetarot_logo-e1723819629969.png","width":200,"height":78,"caption":"Caf\u00e9 Tarot"},"image":{"@id":"https:\/\/cafetarot.de\/#\/schema\/logo\/image\/"}}]}},"_links":{"self":[{"href":"https:\/\/cafetarot.de\/index.php?rest_route=\/wp\/v2\/pages\/826","targetHints":{"allow":["GET"]}}],"collection":[{"href":"https:\/\/cafetarot.de\/index.php?rest_route=\/wp\/v2\/pages"}],"about":[{"href":"https:\/\/cafetarot.de\/index.php?rest_route=\/wp\/v2\/types\/page"}],"author":[{"embeddable":true,"href":"https:\/\/cafetarot.de\/index.php?rest_route=\/wp\/v2\/users\/1"}],"replies":[{"embeddable":true,"href":"https:\/\/cafetarot.de\/index.php?rest_route=%2Fwp%2Fv2%2Fcomments&post=826"}],"version-history":[{"count":38,"href":"https:\/\/cafetarot.de\/index.php?rest_route=\/wp\/v2\/pages\/826\/revisions"}],"predecessor-version":[{"id":870,"href":"https:\/\/cafetarot.de\/index.php?rest_route=\/wp\/v2\/pages\/826\/revisions\/870"}],"wp:attachment":[{"href":"https:\/\/cafetarot.de\/index.php?rest_route=%2Fwp%2Fv2%2Fmedia&parent=826"}],"curies":[{"name":"wp","href":"https:\/\/api.w.org\/{rel}","templated":true}]}}