{"id":71,"date":"2018-07-16T16:17:48","date_gmt":"2018-07-16T14:17:48","guid":{"rendered":"https:\/\/tarot.osteopathie-edingen.de\/?page_id=71"},"modified":"2024-08-29T22:04:48","modified_gmt":"2024-08-29T20:04:48","slug":"about","status":"publish","type":"page","link":"https:\/\/cafetarot.de\/?page_id=71","title":{"rendered":"\u00dcber mich"},"content":{"rendered":"\t\t<div data-elementor-type=\"wp-post\" data-elementor-id=\"71\" class=\"elementor elementor-71\">\n\t\t\t\t\t\t<section class=\"elementor-section elementor-top-section elementor-element elementor-element-223feba elementor-section-boxed elementor-section-height-default elementor-section-height-default\" data-id=\"223feba\" data-element_type=\"section\">\n\t\t\t\t\t\t<div class=\"elementor-container elementor-column-gap-default\">\n\t\t\t\t\t<div class=\"aux-parallax-section elementor-column elementor-col-100 elementor-top-column elementor-element elementor-element-e492f68\" data-id=\"e492f68\" data-element_type=\"column\">\n\t\t\t<div class=\"elementor-widget-wrap elementor-element-populated\">\n\t\t\t\t\t\t<div class=\"elementor-element elementor-element-69c7fc0 aux-appear-watch-animation aux-fade-in-up elementor-widget elementor-widget-aux_modern_heading\" data-id=\"69c7fc0\" data-element_type=\"widget\" data-widget_type=\"aux_modern_heading.default\">\n\t\t\t\t<div class=\"elementor-widget-container\">\n\t\t\t\t\t<section class=\"aux-widget-modern-heading\">\n            <div class=\"aux-widget-inner\"><h2 class=\"aux-modern-heading-primary\">Wer bin ich?<\/h2><div class=\"aux-modern-heading-description\"><p><span style=\"font-size: x-large\">Mein Name ist Caroline Sauer und <\/span><span style=\"font-size: x-large\">ich lege aus Leidenschaft und mit viel Freude die Karten.<\/span><\/p><p><span style=\"font-size: x-large\">In meiner Heilpraxis arbeite ich seit vielen Jahren eng verbunden mit den lichtvollen Energien, die uns alle umgeben.<\/span><\/p><p><span style=\"font-size: x-large\">Auch hier lasse ich mich von h\u00f6heren Instanzen f\u00fchren.<\/span><\/p><p><span style=\"font-size: x-large\">Bei der Heilung des K\u00f6rpers geht es auch immer darum, ein tieferes Verst\u00e4ndnis f\u00fcr die Entstehung der Beschwerden zu bekommen.<\/span><\/p><p><span style=\"font-size: x-large\">Wie kam es zu den Blockaden? Wo liegt der Ursprung?<\/span><\/p><p><span style=\"font-size: x-large\">Auch \u00fcber die Karten k\u00f6nnen wir erforschen, wo die Blockaden liegen, was die \u00dcberwindung eines Problems erschwert, wer daran beteiligt ist und was du tun kannst, um das von dir gew\u00fcnschte Ergebnis zu erzielen.<\/span><\/p><p><span style=\"font-size: x-large\">So hinterfrage ich den tieferen Sinn einer Lebenssituation.<\/span><\/p><p><span style=\"font-size: x-large\">All diese Fragen haben mich selbst zu den Karten gef\u00fchrt.<\/span><\/p><p><span style=\"font-size: x-large\">Das Kartenlegen hat mich immer fasziniert und ich liebe es jeden Tag mehr.<\/span><\/p><p><span style=\"font-size: x-large\">Es ist ein weiteres Geschenk, das uns auf dieser Erde zur Verf\u00fcgung steht, um die verr\u00fcckte Heldenreise, die wir alle erleben d\u00fcrfen, noch besser zu verstehen!<\/span><\/p><\/div><\/div>\n        <\/section>\t\t\t\t<\/div>\n\t\t\t\t<\/div>\n\t\t\t\t<div class=\"elementor-element elementor-element-ee03830 elementor-widget elementor-widget-text-editor\" data-id=\"ee03830\" data-element_type=\"widget\" data-widget_type=\"text-editor.default\">\n\t\t\t\t<div class=\"elementor-widget-container\">\n\t\t\t\t\t\t\t\t\t<p>Zitat: &#8222;An den Scheidewegen des Lebens stehen keine Wegweiser.&#8220;<\/p><p>(<strong>Charlie Chaplin<\/strong>)<\/p>\t\t\t\t\t\t\t\t<\/div>\n\t\t\t\t<\/div>\n\t\t\t\t<div class=\"elementor-element elementor-element-8240bf8 aux-appear-watch-animation aux-scale-down elementor-widget elementor-widget-aux_image\" data-id=\"8240bf8\" data-element_type=\"widget\" data-widget_type=\"aux_image.default\">\n\t\t\t\t<div class=\"elementor-widget-container\">\n\t\t\t\t\t<section class=\"widget-container aux-widget-image aux-alignnone aux-parent-au69c70df9\">\n    <div class=\"aux-media-hint-frame \">\n        <div class=\"aux-media-image \" >\n        \n            \n\n            \n            <img fetchpriority=\"high\" decoding=\"async\" width=\"1828\" height=\"2560\" src=\"data:image\/gif;base64,R0lGODlhAQABAIAAAAAAAP\/\/\/yH5BAEAAAAALAAAAAABAAEAAAIBRAA7\" class=\"aux-attachment aux-featured-image aux-attachment-id-492 aux-preload aux-blank\" alt=\"_MG_0455bsw\" data-ratio=\"0.71\" data-original-w=\"1828\" data-src=\"https:\/\/cafetarot.de\/wp-content\/uploads\/2024\/07\/MG_0455bsw-scaled.jpg\" \/>            \n                <\/div>\n    <\/div>\n\n<\/section><!-- widget-container -->\t\t\t\t<\/div>\n\t\t\t\t<\/div>\n\t\t\t\t\t<\/div>\n\t\t<\/div>\n\t\t\t\t\t<\/div>\n\t\t<\/section>\n\t\t\t\t<section class=\"elementor-section elementor-top-section elementor-element elementor-element-841a05e elementor-section-boxed elementor-section-height-default elementor-section-height-default\" data-id=\"841a05e\" data-element_type=\"section\">\n\t\t\t\t\t\t<div class=\"elementor-container elementor-column-gap-default\">\n\t\t\t\t\t<div class=\"aux-parallax-section elementor-column elementor-col-100 elementor-top-column elementor-element elementor-element-1092367\" data-id=\"1092367\" data-element_type=\"column\">\n\t\t\t<div class=\"elementor-widget-wrap\">\n\t\t\t\t\t\t\t<\/div>\n\t\t<\/div>\n\t\t\t\t\t<\/div>\n\t\t<\/section>\n\t\t\t\t<\/div>\n\t\t","protected":false},"excerpt":{"rendered":"<p>Wer bin ich? Mein Name ist Caroline Sauer und ich lege aus Leidenschaft und mit viel Freude die Karten. In meiner Heilpraxis arbeite ich seit vielen Jahren eng verbunden mit den lichtvollen Energien, die uns alle umgeben. Auch hier lasse ich mich von h\u00f6heren Instanzen f\u00fchren. Bei der Heilung des K\u00f6rpers geht es auch immer [&hellip;]<\/p>\n","protected":false},"author":1,"featured_media":0,"parent":0,"menu_order":0,"comment_status":"closed","ping_status":"closed","template":"","meta":{"footnotes":""},"class_list":["post-71","page","type-page","status-publish","hentry"],"yoast_head":"<!-- This site is optimized with the Yoast SEO plugin v27.3 - https:\/\/yoast.com\/product\/yoast-seo-wordpress\/ -->\n<title>\u00dcber mich - Caf\u00e9 Tarot<\/title>\n<meta name=\"description\" content=\"Tarot - Caf\u00e9 Tarot - Mannheim - Heidelberg - Rhein-Neckar - Edingen-Neckarhausen - Legung buchen\" \/>\n<meta name=\"robots\" content=\"index, follow, max-snippet:-1, max-image-preview:large, max-video-preview:-1\" \/>\n<link rel=\"canonical\" href=\"https:\/\/cafetarot.de\/?page_id=71\" \/>\n<meta property=\"og:locale\" content=\"de_DE\" \/>\n<meta property=\"og:type\" content=\"article\" \/>\n<meta property=\"og:title\" content=\"\u00dcber mich - Caf\u00e9 Tarot\" \/>\n<meta property=\"og:description\" content=\"Tarot - Caf\u00e9 Tarot - Mannheim - Heidelberg - Rhein-Neckar - Edingen-Neckarhausen - Legung buchen\" \/>\n<meta property=\"og:url\" content=\"https:\/\/cafetarot.de\/?page_id=71\" \/>\n<meta property=\"og:site_name\" content=\"Caf\u00e9 Tarot\" \/>\n<meta property=\"article:modified_time\" content=\"2024-08-29T20:04:48+00:00\" \/>\n<meta name=\"twitter:card\" content=\"summary_large_image\" \/>\n<meta name=\"twitter:label1\" content=\"Gesch\u00e4tzte Lesezeit\" \/>\n\t<meta name=\"twitter:data1\" content=\"2\u00a0Minuten\" \/>\n<script type=\"application\/ld+json\" class=\"yoast-schema-graph\">{\"@context\":\"https:\\\/\\\/schema.org\",\"@graph\":[{\"@type\":\"WebPage\",\"@id\":\"https:\\\/\\\/cafetarot.de\\\/?page_id=71\",\"url\":\"https:\\\/\\\/cafetarot.de\\\/?page_id=71\",\"name\":\"\u00dcber mich - Caf\u00e9 Tarot\",\"isPartOf\":{\"@id\":\"https:\\\/\\\/cafetarot.de\\\/#website\"},\"datePublished\":\"2018-07-16T14:17:48+00:00\",\"dateModified\":\"2024-08-29T20:04:48+00:00\",\"description\":\"Tarot - Caf\u00e9 Tarot - Mannheim - Heidelberg - Rhein-Neckar - Edingen-Neckarhausen - Legung buchen\",\"breadcrumb\":{\"@id\":\"https:\\\/\\\/cafetarot.de\\\/?page_id=71#breadcrumb\"},\"inLanguage\":\"de\",\"potentialAction\":[{\"@type\":\"ReadAction\",\"target\":[\"https:\\\/\\\/cafetarot.de\\\/?page_id=71\"]}]},{\"@type\":\"BreadcrumbList\",\"@id\":\"https:\\\/\\\/cafetarot.de\\\/?page_id=71#breadcrumb\",\"itemListElement\":[{\"@type\":\"ListItem\",\"position\":1,\"name\":\"Home\",\"item\":\"https:\\\/\\\/cafetarot.de\\\/\"},{\"@type\":\"ListItem\",\"position\":2,\"name\":\"\u00dcber mich\"}]},{\"@type\":\"WebSite\",\"@id\":\"https:\\\/\\\/cafetarot.de\\\/#website\",\"url\":\"https:\\\/\\\/cafetarot.de\\\/\",\"name\":\"Caf\u00e9 Tarot\",\"description\":\"\",\"publisher\":{\"@id\":\"https:\\\/\\\/cafetarot.de\\\/#organization\"},\"potentialAction\":[{\"@type\":\"SearchAction\",\"target\":{\"@type\":\"EntryPoint\",\"urlTemplate\":\"https:\\\/\\\/cafetarot.de\\\/?s={search_term_string}\"},\"query-input\":{\"@type\":\"PropertyValueSpecification\",\"valueRequired\":true,\"valueName\":\"search_term_string\"}}],\"inLanguage\":\"de\"},{\"@type\":\"Organization\",\"@id\":\"https:\\\/\\\/cafetarot.de\\\/#organization\",\"name\":\"Caf\u00e9 Tarot\",\"url\":\"https:\\\/\\\/cafetarot.de\\\/\",\"logo\":{\"@type\":\"ImageObject\",\"inLanguage\":\"de\",\"@id\":\"https:\\\/\\\/cafetarot.de\\\/#\\\/schema\\\/logo\\\/image\\\/\",\"url\":\"https:\\\/\\\/cafetarot.de\\\/wp-content\\\/uploads\\\/2024\\\/08\\\/cropped-cafetarot_logo-e1723819629969.png\",\"contentUrl\":\"https:\\\/\\\/cafetarot.de\\\/wp-content\\\/uploads\\\/2024\\\/08\\\/cropped-cafetarot_logo-e1723819629969.png\",\"width\":200,\"height\":78,\"caption\":\"Caf\u00e9 Tarot\"},\"image\":{\"@id\":\"https:\\\/\\\/cafetarot.de\\\/#\\\/schema\\\/logo\\\/image\\\/\"}}]}<\/script>\n<!-- \/ Yoast SEO plugin. -->","yoast_head_json":{"title":"\u00dcber mich - Caf\u00e9 Tarot","description":"Tarot - Caf\u00e9 Tarot - Mannheim - Heidelberg - Rhein-Neckar - Edingen-Neckarhausen - Legung buchen","robots":{"index":"index","follow":"follow","max-snippet":"max-snippet:-1","max-image-preview":"max-image-preview:large","max-video-preview":"max-video-preview:-1"},"canonical":"https:\/\/cafetarot.de\/?page_id=71","og_locale":"de_DE","og_type":"article","og_title":"\u00dcber mich - Caf\u00e9 Tarot","og_description":"Tarot - Caf\u00e9 Tarot - Mannheim - Heidelberg - Rhein-Neckar - Edingen-Neckarhausen - Legung buchen","og_url":"https:\/\/cafetarot.de\/?page_id=71","og_site_name":"Caf\u00e9 Tarot","article_modified_time":"2024-08-29T20:04:48+00:00","twitter_card":"summary_large_image","twitter_misc":{"Gesch\u00e4tzte Lesezeit":"2\u00a0Minuten"},"schema":{"@context":"https:\/\/schema.org","@graph":[{"@type":"WebPage","@id":"https:\/\/cafetarot.de\/?page_id=71","url":"https:\/\/cafetarot.de\/?page_id=71","name":"\u00dcber mich - Caf\u00e9 Tarot","isPartOf":{"@id":"https:\/\/cafetarot.de\/#website"},"datePublished":"2018-07-16T14:17:48+00:00","dateModified":"2024-08-29T20:04:48+00:00","description":"Tarot - Caf\u00e9 Tarot - Mannheim - Heidelberg - Rhein-Neckar - Edingen-Neckarhausen - Legung buchen","breadcrumb":{"@id":"https:\/\/cafetarot.de\/?page_id=71#breadcrumb"},"inLanguage":"de","potentialAction":[{"@type":"ReadAction","target":["https:\/\/cafetarot.de\/?page_id=71"]}]},{"@type":"BreadcrumbList","@id":"https:\/\/cafetarot.de\/?page_id=71#breadcrumb","itemListElement":[{"@type":"ListItem","position":1,"name":"Home","item":"https:\/\/cafetarot.de\/"},{"@type":"ListItem","position":2,"name":"\u00dcber mich"}]},{"@type":"WebSite","@id":"https:\/\/cafetarot.de\/#website","url":"https:\/\/cafetarot.de\/","name":"Caf\u00e9 Tarot","description":"","publisher":{"@id":"https:\/\/cafetarot.de\/#organization"},"potentialAction":[{"@type":"SearchAction","target":{"@type":"EntryPoint","urlTemplate":"https:\/\/cafetarot.de\/?s={search_term_string}"},"query-input":{"@type":"PropertyValueSpecification","valueRequired":true,"valueName":"search_term_string"}}],"inLanguage":"de"},{"@type":"Organization","@id":"https:\/\/cafetarot.de\/#organization","name":"Caf\u00e9 Tarot","url":"https:\/\/cafetarot.de\/","logo":{"@type":"ImageObject","inLanguage":"de","@id":"https:\/\/cafetarot.de\/#\/schema\/logo\/image\/","url":"https:\/\/cafetarot.de\/wp-content\/uploads\/2024\/08\/cropped-cafetarot_logo-e1723819629969.png","contentUrl":"https:\/\/cafetarot.de\/wp-content\/uploads\/2024\/08\/cropped-cafetarot_logo-e1723819629969.png","width":200,"height":78,"caption":"Caf\u00e9 Tarot"},"image":{"@id":"https:\/\/cafetarot.de\/#\/schema\/logo\/image\/"}}]}},"_links":{"self":[{"href":"https:\/\/cafetarot.de\/index.php?rest_route=\/wp\/v2\/pages\/71","targetHints":{"allow":["GET"]}}],"collection":[{"href":"https:\/\/cafetarot.de\/index.php?rest_route=\/wp\/v2\/pages"}],"about":[{"href":"https:\/\/cafetarot.de\/index.php?rest_route=\/wp\/v2\/types\/page"}],"author":[{"embeddable":true,"href":"https:\/\/cafetarot.de\/index.php?rest_route=\/wp\/v2\/users\/1"}],"replies":[{"embeddable":true,"href":"https:\/\/cafetarot.de\/index.php?rest_route=%2Fwp%2Fv2%2Fcomments&post=71"}],"version-history":[{"count":70,"href":"https:\/\/cafetarot.de\/index.php?rest_route=\/wp\/v2\/pages\/71\/revisions"}],"predecessor-version":[{"id":772,"href":"https:\/\/cafetarot.de\/index.php?rest_route=\/wp\/v2\/pages\/71\/revisions\/772"}],"wp:attachment":[{"href":"https:\/\/cafetarot.de\/index.php?rest_route=%2Fwp%2Fv2%2Fmedia&parent=71"}],"curies":[{"name":"wp","href":"https:\/\/api.w.org\/{rel}","templated":true}]}}