{"id":477,"date":"2024-07-02T21:23:51","date_gmt":"2024-07-02T19:23:51","guid":{"rendered":"https:\/\/cafetarot.de\/?page_id=477"},"modified":"2024-08-28T15:59:17","modified_gmt":"2024-08-28T13:59:17","slug":"elementor-477","status":"publish","type":"page","link":"https:\/\/cafetarot.de\/?page_id=477","title":{"rendered":"CafeTarot"},"content":{"rendered":"\t\t<div data-elementor-type=\"wp-page\" data-elementor-id=\"477\" class=\"elementor elementor-477\">\n\t\t\t\t\t\t<section class=\"elementor-section elementor-top-section elementor-element elementor-element-1798b49 elementor-section-boxed elementor-section-height-default elementor-section-height-default\" data-id=\"1798b49\" data-element_type=\"section\">\n\t\t\t\t\t\t<div class=\"elementor-container elementor-column-gap-default\">\n\t\t\t\t\t<div class=\"aux-parallax-section elementor-column elementor-col-100 elementor-top-column elementor-element elementor-element-7dea289\" data-id=\"7dea289\" data-element_type=\"column\">\n\t\t\t<div class=\"elementor-widget-wrap elementor-element-populated\">\n\t\t\t\t\t\t<div class=\"elementor-element elementor-element-066284d aux-appear-watch-animation aux-fade-in-up elementor-widget elementor-widget-aux_modern_heading\" data-id=\"066284d\" data-element_type=\"widget\" data-widget_type=\"aux_modern_heading.default\">\n\t\t\t\t<div class=\"elementor-widget-container\">\n\t\t\t\t\t<section class=\"aux-widget-modern-heading\">\n            <div class=\"aux-widget-inner\"><h2 class=\"aux-modern-heading-primary\">Caf\u00e9 Tarot<\/h2><div class=\"aux-modern-heading-description\"><p align=\"LEFT\"><span style=\"font-size: x-large\"><i>Sch\u00f6n, dass du hier bist!<\/i><\/span><\/p><p align=\"LEFT\"><span style=\"font-size: x-large\"><i>Was findest du hier?<\/i><\/span><\/p><p align=\"LEFT\"><span style=\"font-size: x-large\"><i>Wenn du Begleitung in einer schwierigen Lebenssituation suchst, dir Antworten fehlen, weil du das Gef\u00fchl hast, das Gesamtbild der Situation nicht sehen zu k\u00f6nnen, oder du dich selbst besser verstehen m\u00f6chtest, dann bist du hier genau richtig.<\/i><\/span><\/p><p align=\"LEFT\"><span style=\"font-size: x-large\"><i>Ich arbeite mit den Tarotkarten, um Energien und Zusammenh\u00e4nge in Bildern sichtbar werden zu lassen.<\/i><\/span><\/p><p align=\"LEFT\"><span style=\"font-size: x-large\"><i>Das erm\u00f6glicht mir, deine individuelle Situation, in einer Art Geschichte zu erz\u00e4hlen und gemeinsam mit dir den tieferen Sinn hinter deiner Frage zu erkennen.<\/i><\/span><\/p><p align=\"LEFT\"><span style=\"font-size: x-large\"><i>Warum zeigt sich diese Lebenssituation in meinem Leben?<\/i><\/span><\/p><p align=\"LEFT\"><span style=\"font-size: x-large\"><i>Warum ist dieser Mensch in mein Leben getreten?<\/i><\/span><\/p><p align=\"LEFT\"><span style=\"font-size: x-large\"><i>Wie wird sich eine Situation, zwischenmenschlich, im Beruf, oder in einer anderen Lebenslage <\/i>tendenziell<i> weiterentwickeln?<\/i><\/span><\/p><p align=\"LEFT\"><span style=\"font-size: x-large\"><i>Was blockiert die Entwicklung einer Situation?<\/i><\/span><\/p><p align=\"LEFT\"><span style=\"font-size: x-large\"><i>Was sind m\u00f6gliche Blockaden in mir?<\/i><\/span><\/p><p align=\"LEFT\"><span style=\"font-size: x-large\"><i>Wie kann ich diese Blockaden l\u00f6sen?<\/i><\/span><\/p><p align=\"LEFT\"><span style=\"font-size: x-large\"><i>An welchem Punkt meiner Seelenreise stehe ich aktuell?<\/i><\/span><\/p><p align=\"LEFT\"><span style=\"font-size: x-large\"><i>Wir kennen das alle. Wir befinden uns in einer Situation in unserem Leben und verstehen nicht, warum eine Entwicklung stagniert! <\/i><\/span><\/p><p align=\"LEFT\"><span style=\"font-size: x-large\"><i>Warum uns immer wieder \u00e4hnliche H\u00fcrden pr\u00e4sentiert werden...<\/i><\/span><\/p><p align=\"LEFT\"><span style=\"font-size: x-large\"><i>Manchmal fragen wir uns, warum sich eine Beziehung nicht in die gew\u00fcnschte Richtung entwickelt....<\/i><\/span><\/p><p align=\"LEFT\"><span style=\"font-size: x-large\"><i>Oder ein anderer Lebensbereich zeigt nicht das gew\u00fcnschte Ergebnis, trotz aller Bem\u00fchungen.<\/i><\/span><\/p><p align=\"LEFT\"><span style=\"font-size: x-large\"><i>Durch das Tarot und die lichtvollen Energien, lasse ich mich durch \u201edeine Tarot Legung\u201c und somit durch deine Geschichte f\u00fchren und beleuchte so deine Situation.<\/i><\/span><\/p><p align=\"LEFT\"><span style=\"font-size: x-large\"><i>Alles in unserem Leben ist auch immer ein Spiegel unseres Inneren....wir tragen die Antworten in uns. <\/i><\/span><\/p><p align=\"LEFT\"><span style=\"font-size: x-large\"><i>Manchmal brauchen wir nur ein Werkzeug, um auf dieses Wissen zugreifen zu k\u00f6nnen.<\/i><\/span><\/p><p align=\"LEFT\"><span style=\"font-size: x-large\"><i>Dabei hilft das Tarot!<\/i><\/span><\/p><p align=\"LEFT\"><span style=\"font-size: x-large\"><i>Jede Tarot Legung, ist sehr individuell.<\/i><\/span><\/p><p align=\"LEFT\"><span style=\"font-size: x-large\"><i>Sie kann dir wichtige Erkenntnisse \u00fcber dich und den jeweiligen Lebensbereich erm\u00f6glichen.<\/i><\/span><\/p><p align=\"LEFT\"><span style=\"font-size: x-large\"><i>Sie kann dir dein Potenzial aufzeigen und dich so in deiner Pers\u00f6nlichkeitsentwicklung unterst\u00fctzen.<\/i><\/span><\/p><p align=\"LEFT\"><span style=\"font-size: x-large\"><i>Sie kann dir Antworten geben, wenn ein offenes Gespr\u00e4ch mit einem Menschen nicht m\u00f6glich ist.<\/i><\/span><\/p><p align=\"LEFT\"><span style=\"font-size: x-large\"><i>Trotzdem ist es immer wichtig, die Legung mit einem gewissen Abstand zu betrachten. <\/i><\/span><\/p><p align=\"LEFT\"><span style=\"font-size: x-large\"><i>Es handelt sich um eine Energie, die gerade in deinem Leben zur Verf\u00fcgung steht. Eine M\u00f6glichkeit wie sich etwas entwickeln kann.<\/i><\/span><\/p><p align=\"LEFT\"><span style=\"font-size: x-large\"><i>Die Energie bleibt immer frei.<\/i><\/span><\/p><p align=\"LEFT\"><span style=\"font-size: x-large\"><i>Deine Entscheidungen bleiben immer frei.<\/i><\/span><\/p><p align=\"LEFT\"><span style=\"font-size: x-large\"><i>Das Tarot soll dich in deiner Entwicklung unterst\u00fctzen und begleiten...nicht manipulieren.<\/i><\/span><\/p><\/div><\/div>\n        <\/section>\t\t\t\t<\/div>\n\t\t\t\t<\/div>\n\t\t\t\t\t<\/div>\n\t\t<\/div>\n\t\t\t\t\t<\/div>\n\t\t<\/section>\n\t\t\t\t<\/div>\n\t\t","protected":false},"excerpt":{"rendered":"<p>Caf\u00e9 Tarot Sch\u00f6n, dass du hier bist! Was findest du hier? Wenn du Begleitung in einer schwierigen Lebenssituation suchst, dir Antworten fehlen, weil du das Gef\u00fchl hast, das Gesamtbild der Situation nicht sehen zu k\u00f6nnen, oder du dich selbst besser verstehen m\u00f6chtest, dann bist du hier genau richtig. Ich arbeite mit den Tarotkarten, um Energien [&hellip;]<\/p>\n","protected":false},"author":1,"featured_media":0,"parent":0,"menu_order":0,"comment_status":"closed","ping_status":"closed","template":"","meta":{"footnotes":""},"class_list":["post-477","page","type-page","status-publish","hentry"],"yoast_head":"<!-- This site is optimized with the Yoast SEO plugin v27.3 - https:\/\/yoast.com\/product\/yoast-seo-wordpress\/ -->\n<title>CafeTarot - Caf\u00e9 Tarot<\/title>\n<meta name=\"description\" content=\"Tarot - Caf\u00e9 Tarot - Mannheim - Heidelberg - Rhein-Neckar - Edingen-Neckarhausen - Legung buchen\" \/>\n<meta name=\"robots\" content=\"index, follow, max-snippet:-1, max-image-preview:large, max-video-preview:-1\" \/>\n<link rel=\"canonical\" href=\"https:\/\/cafetarot.de\/?page_id=477\" \/>\n<meta property=\"og:locale\" content=\"de_DE\" \/>\n<meta property=\"og:type\" content=\"article\" \/>\n<meta property=\"og:title\" content=\"CafeTarot - Caf\u00e9 Tarot\" \/>\n<meta property=\"og:description\" content=\"Tarot - Caf\u00e9 Tarot - Mannheim - Heidelberg - Rhein-Neckar - Edingen-Neckarhausen - Legung buchen\" \/>\n<meta property=\"og:url\" content=\"https:\/\/cafetarot.de\/?page_id=477\" \/>\n<meta property=\"og:site_name\" content=\"Caf\u00e9 Tarot\" \/>\n<meta property=\"article:modified_time\" content=\"2024-08-28T13:59:17+00:00\" \/>\n<meta name=\"twitter:card\" content=\"summary_large_image\" \/>\n<meta name=\"twitter:label1\" content=\"Gesch\u00e4tzte Lesezeit\" \/>\n\t<meta name=\"twitter:data1\" content=\"2\u00a0Minuten\" \/>\n<script type=\"application\/ld+json\" class=\"yoast-schema-graph\">{\"@context\":\"https:\\\/\\\/schema.org\",\"@graph\":[{\"@type\":\"WebPage\",\"@id\":\"https:\\\/\\\/cafetarot.de\\\/?page_id=477\",\"url\":\"https:\\\/\\\/cafetarot.de\\\/?page_id=477\",\"name\":\"CafeTarot - Caf\u00e9 Tarot\",\"isPartOf\":{\"@id\":\"https:\\\/\\\/cafetarot.de\\\/#website\"},\"datePublished\":\"2024-07-02T19:23:51+00:00\",\"dateModified\":\"2024-08-28T13:59:17+00:00\",\"description\":\"Tarot - Caf\u00e9 Tarot - Mannheim - Heidelberg - Rhein-Neckar - Edingen-Neckarhausen - Legung buchen\",\"breadcrumb\":{\"@id\":\"https:\\\/\\\/cafetarot.de\\\/?page_id=477#breadcrumb\"},\"inLanguage\":\"de\",\"potentialAction\":[{\"@type\":\"ReadAction\",\"target\":[\"https:\\\/\\\/cafetarot.de\\\/?page_id=477\"]}]},{\"@type\":\"BreadcrumbList\",\"@id\":\"https:\\\/\\\/cafetarot.de\\\/?page_id=477#breadcrumb\",\"itemListElement\":[{\"@type\":\"ListItem\",\"position\":1,\"name\":\"Home\",\"item\":\"https:\\\/\\\/cafetarot.de\\\/\"},{\"@type\":\"ListItem\",\"position\":2,\"name\":\"CafeTarot\"}]},{\"@type\":\"WebSite\",\"@id\":\"https:\\\/\\\/cafetarot.de\\\/#website\",\"url\":\"https:\\\/\\\/cafetarot.de\\\/\",\"name\":\"Caf\u00e9 Tarot\",\"description\":\"\",\"publisher\":{\"@id\":\"https:\\\/\\\/cafetarot.de\\\/#organization\"},\"potentialAction\":[{\"@type\":\"SearchAction\",\"target\":{\"@type\":\"EntryPoint\",\"urlTemplate\":\"https:\\\/\\\/cafetarot.de\\\/?s={search_term_string}\"},\"query-input\":{\"@type\":\"PropertyValueSpecification\",\"valueRequired\":true,\"valueName\":\"search_term_string\"}}],\"inLanguage\":\"de\"},{\"@type\":\"Organization\",\"@id\":\"https:\\\/\\\/cafetarot.de\\\/#organization\",\"name\":\"Caf\u00e9 Tarot\",\"url\":\"https:\\\/\\\/cafetarot.de\\\/\",\"logo\":{\"@type\":\"ImageObject\",\"inLanguage\":\"de\",\"@id\":\"https:\\\/\\\/cafetarot.de\\\/#\\\/schema\\\/logo\\\/image\\\/\",\"url\":\"https:\\\/\\\/cafetarot.de\\\/wp-content\\\/uploads\\\/2024\\\/08\\\/cropped-cafetarot_logo-e1723819629969.png\",\"contentUrl\":\"https:\\\/\\\/cafetarot.de\\\/wp-content\\\/uploads\\\/2024\\\/08\\\/cropped-cafetarot_logo-e1723819629969.png\",\"width\":200,\"height\":78,\"caption\":\"Caf\u00e9 Tarot\"},\"image\":{\"@id\":\"https:\\\/\\\/cafetarot.de\\\/#\\\/schema\\\/logo\\\/image\\\/\"}}]}<\/script>\n<!-- \/ Yoast SEO plugin. -->","yoast_head_json":{"title":"CafeTarot - Caf\u00e9 Tarot","description":"Tarot - Caf\u00e9 Tarot - Mannheim - Heidelberg - Rhein-Neckar - Edingen-Neckarhausen - Legung buchen","robots":{"index":"index","follow":"follow","max-snippet":"max-snippet:-1","max-image-preview":"max-image-preview:large","max-video-preview":"max-video-preview:-1"},"canonical":"https:\/\/cafetarot.de\/?page_id=477","og_locale":"de_DE","og_type":"article","og_title":"CafeTarot - Caf\u00e9 Tarot","og_description":"Tarot - Caf\u00e9 Tarot - Mannheim - Heidelberg - Rhein-Neckar - Edingen-Neckarhausen - Legung buchen","og_url":"https:\/\/cafetarot.de\/?page_id=477","og_site_name":"Caf\u00e9 Tarot","article_modified_time":"2024-08-28T13:59:17+00:00","twitter_card":"summary_large_image","twitter_misc":{"Gesch\u00e4tzte Lesezeit":"2\u00a0Minuten"},"schema":{"@context":"https:\/\/schema.org","@graph":[{"@type":"WebPage","@id":"https:\/\/cafetarot.de\/?page_id=477","url":"https:\/\/cafetarot.de\/?page_id=477","name":"CafeTarot - Caf\u00e9 Tarot","isPartOf":{"@id":"https:\/\/cafetarot.de\/#website"},"datePublished":"2024-07-02T19:23:51+00:00","dateModified":"2024-08-28T13:59:17+00:00","description":"Tarot - Caf\u00e9 Tarot - Mannheim - Heidelberg - Rhein-Neckar - Edingen-Neckarhausen - Legung buchen","breadcrumb":{"@id":"https:\/\/cafetarot.de\/?page_id=477#breadcrumb"},"inLanguage":"de","potentialAction":[{"@type":"ReadAction","target":["https:\/\/cafetarot.de\/?page_id=477"]}]},{"@type":"BreadcrumbList","@id":"https:\/\/cafetarot.de\/?page_id=477#breadcrumb","itemListElement":[{"@type":"ListItem","position":1,"name":"Home","item":"https:\/\/cafetarot.de\/"},{"@type":"ListItem","position":2,"name":"CafeTarot"}]},{"@type":"WebSite","@id":"https:\/\/cafetarot.de\/#website","url":"https:\/\/cafetarot.de\/","name":"Caf\u00e9 Tarot","description":"","publisher":{"@id":"https:\/\/cafetarot.de\/#organization"},"potentialAction":[{"@type":"SearchAction","target":{"@type":"EntryPoint","urlTemplate":"https:\/\/cafetarot.de\/?s={search_term_string}"},"query-input":{"@type":"PropertyValueSpecification","valueRequired":true,"valueName":"search_term_string"}}],"inLanguage":"de"},{"@type":"Organization","@id":"https:\/\/cafetarot.de\/#organization","name":"Caf\u00e9 Tarot","url":"https:\/\/cafetarot.de\/","logo":{"@type":"ImageObject","inLanguage":"de","@id":"https:\/\/cafetarot.de\/#\/schema\/logo\/image\/","url":"https:\/\/cafetarot.de\/wp-content\/uploads\/2024\/08\/cropped-cafetarot_logo-e1723819629969.png","contentUrl":"https:\/\/cafetarot.de\/wp-content\/uploads\/2024\/08\/cropped-cafetarot_logo-e1723819629969.png","width":200,"height":78,"caption":"Caf\u00e9 Tarot"},"image":{"@id":"https:\/\/cafetarot.de\/#\/schema\/logo\/image\/"}}]}},"_links":{"self":[{"href":"https:\/\/cafetarot.de\/index.php?rest_route=\/wp\/v2\/pages\/477","targetHints":{"allow":["GET"]}}],"collection":[{"href":"https:\/\/cafetarot.de\/index.php?rest_route=\/wp\/v2\/pages"}],"about":[{"href":"https:\/\/cafetarot.de\/index.php?rest_route=\/wp\/v2\/types\/page"}],"author":[{"embeddable":true,"href":"https:\/\/cafetarot.de\/index.php?rest_route=\/wp\/v2\/users\/1"}],"replies":[{"embeddable":true,"href":"https:\/\/cafetarot.de\/index.php?rest_route=%2Fwp%2Fv2%2Fcomments&post=477"}],"version-history":[{"count":11,"href":"https:\/\/cafetarot.de\/index.php?rest_route=\/wp\/v2\/pages\/477\/revisions"}],"predecessor-version":[{"id":751,"href":"https:\/\/cafetarot.de\/index.php?rest_route=\/wp\/v2\/pages\/477\/revisions\/751"}],"wp:attachment":[{"href":"https:\/\/cafetarot.de\/index.php?rest_route=%2Fwp%2Fv2%2Fmedia&parent=477"}],"curies":[{"name":"wp","href":"https:\/\/api.w.org\/{rel}","templated":true}]}}