{"id":342,"date":"2024-06-19T21:18:53","date_gmt":"2024-06-19T19:18:53","guid":{"rendered":"https:\/\/cafetarot.de\/?page_id=342"},"modified":"2026-04-06T18:13:47","modified_gmt":"2026-04-06T16:13:47","slug":"buchung","status":"publish","type":"page","link":"https:\/\/cafetarot.de\/?page_id=342","title":{"rendered":"Legung buchen"},"content":{"rendered":"\t\t<div data-elementor-type=\"wp-page\" data-elementor-id=\"342\" class=\"elementor elementor-342\">\n\t\t\t\t\t\t<section class=\"elementor-section elementor-top-section elementor-element elementor-element-b610bd4 elementor-section-boxed elementor-section-height-default elementor-section-height-default\" data-id=\"b610bd4\" data-element_type=\"section\">\n\t\t\t\t\t\t<div class=\"elementor-container elementor-column-gap-default\">\n\t\t\t\t\t<div class=\"aux-parallax-section elementor-column elementor-col-100 elementor-top-column elementor-element elementor-element-e5f4e39\" data-id=\"e5f4e39\" data-element_type=\"column\">\n\t\t\t<div class=\"elementor-widget-wrap elementor-element-populated\">\n\t\t\t\t\t\t<div class=\"elementor-element elementor-element-1c4d38a aux-appear-watch-animation aux-fade-in-up elementor-widget elementor-widget-aux_modern_heading\" data-id=\"1c4d38a\" data-element_type=\"widget\" data-widget_type=\"aux_modern_heading.default\">\n\t\t\t\t<div class=\"elementor-widget-container\">\n\t\t\t\t\t<section class=\"aux-widget-modern-heading\">\n            <div class=\"aux-widget-inner\"><h2 class=\"aux-modern-heading-primary\">Legung buchen<\/h2><\/div>\n        <\/section>\t\t\t\t<\/div>\n\t\t\t\t<\/div>\n\t\t\t\t<div class=\"elementor-element elementor-element-57ccf2d elementor-widget elementor-widget-text-editor\" data-id=\"57ccf2d\" data-element_type=\"widget\" data-widget_type=\"text-editor.default\">\n\t\t\t\t<div class=\"elementor-widget-container\">\n\t\t\t\t\t\t\t\t\t<div style=\"font-size: x-large; font-family: Aptos, Aptos_EmbeddedFont, Aptos_MSFontService, Calibri, Helvetica, sans-serif; color: #000000;\">Bitte kontaktiere mich, falls du vor deiner Legung Fragen haben solltest. Ich rufe gerne an, und wir besprechen die Fragen pers\u00f6nlich. Nutze daf\u00fcr am besten das <a href=\"https:\/\/cafetarot.de\/?page_id=72\">Kontaktformular<\/a>.<\/div>\n<div style=\"font-size: x-large; font-family: Aptos, Aptos_EmbeddedFont, Aptos_MSFontService, Calibri, Helvetica, sans-serif; color: #000000;\">&nbsp;<\/div>\n<div style=\"font-size: x-large; font-family: Aptos, Aptos_EmbeddedFont, Aptos_MSFontService, Calibri, Helvetica, sans-serif; color: #000000;\">Kosten f\u00fcr eine Kartenlegung<\/div>\n<div style=\"font-size: x-large; font-family: Aptos, Aptos_EmbeddedFont, Aptos_MSFontService, Calibri, Helvetica, sans-serif; color: #000000;\">15 Minuten: 25&nbsp;<span style=\"background-color: rgba(255, 255, 255, 0);\">\u20ac <\/span>&#8211; dies ist geeignet f\u00fcr einzelne Fragen an das Tarot<br><span style=\"background-color: rgba(255, 255, 255, 0);\">30 Minuten: 45&nbsp;<\/span><span style=\"background-color: rgba(255, 255, 255, 0);\">\u20ac<\/span><br><span style=\"background-color: rgba(255, 255, 255, 0);\">60 Minuten: 90&nbsp;<\/span><span style=\"background-color: rgba(255, 255, 255, 0);\">\u20ac<\/span><span style=\"background-color: rgba(255, 255, 255, 0);\"><br><\/span><\/div>\n<div>&nbsp;<\/div>\n<div style=\"font-size: x-large; font-family: Aptos, Aptos_EmbeddedFont, Aptos_MSFontService, Calibri, Helvetica, sans-serif; color: #000000;\">Ich freue mich sehr auf dich,<\/div>\n<div style=\"font-size: x-large; font-family: Aptos, Aptos_EmbeddedFont, Aptos_MSFontService, Calibri, Helvetica, sans-serif; color: #000000;\">&nbsp;<\/div>\n<div style=\"text-size-adjust: auto; font-family: Aptos, Aptos_EmbeddedFont, Aptos_MSFontService, Calibri, Helvetica, sans-serif; font-size: x-large; color: #000000;\">Deine Caroline<\/div>\n<div style=\"text-size-adjust: auto; font-family: Aptos, Aptos_EmbeddedFont, Aptos_MSFontService, Calibri, Helvetica, sans-serif; font-size: x-large; color: #000000;\">&nbsp;<\/div>\n<blockquote style=\"font-size: x-large; font-family: Aptos, Aptos_EmbeddedFont, Aptos_MSFontService, Calibri, Helvetica, sans-serif; color: #000000;\">\n<p>Eine Kartenlegegung ersetzt keine \u00e4rztliche oder psychologische Hilfe. Bitte wende dich bei gesundheitlichen Themen an deinen Arzt.<\/p>\n<\/blockquote>\t\t\t\t\t\t\t\t<\/div>\n\t\t\t\t<\/div>\n\t\t\t\t\t<\/div>\n\t\t<\/div>\n\t\t\t\t\t<\/div>\n\t\t<\/section>\n\t\t\t\t<\/div>\n\t\t","protected":false},"excerpt":{"rendered":"<p>Legung buchen Bitte kontaktiere mich, falls du vor deiner Legung Fragen haben solltest. Ich rufe gerne an, und wir besprechen die Fragen pers\u00f6nlich. Nutze daf\u00fcr am besten das Kontaktformular. &nbsp; Kosten f\u00fcr eine Kartenlegung 15 Minuten: 25&nbsp;\u20ac &#8211; dies ist geeignet f\u00fcr einzelne Fragen an das Tarot30 Minuten: 45&nbsp;\u20ac60 Minuten: 90&nbsp;\u20ac &nbsp; Ich freue mich [&hellip;]<\/p>\n","protected":false},"author":1,"featured_media":0,"parent":0,"menu_order":0,"comment_status":"closed","ping_status":"closed","template":"","meta":{"footnotes":""},"class_list":["post-342","page","type-page","status-publish","hentry"],"yoast_head":"<!-- This site is optimized with the Yoast SEO plugin v27.3 - https:\/\/yoast.com\/product\/yoast-seo-wordpress\/ -->\n<title>Legung buchen - Caf\u00e9 Tarot<\/title>\n<meta name=\"description\" content=\"Tarot - Caf\u00e9 Tarot - Mannheim - Heidelberg - Rhein-Neckar - Edingen-Neckarhausen - Legung buchen\" \/>\n<meta name=\"robots\" content=\"index, follow, max-snippet:-1, max-image-preview:large, max-video-preview:-1\" \/>\n<link rel=\"canonical\" href=\"https:\/\/cafetarot.de\/?page_id=342\" \/>\n<meta property=\"og:locale\" content=\"de_DE\" \/>\n<meta property=\"og:type\" content=\"article\" \/>\n<meta property=\"og:title\" content=\"Legung buchen - Caf\u00e9 Tarot\" \/>\n<meta property=\"og:description\" content=\"Tarot - Caf\u00e9 Tarot - Mannheim - Heidelberg - Rhein-Neckar - Edingen-Neckarhausen - Legung buchen\" \/>\n<meta property=\"og:url\" content=\"https:\/\/cafetarot.de\/?page_id=342\" \/>\n<meta property=\"og:site_name\" content=\"Caf\u00e9 Tarot\" \/>\n<meta property=\"article:modified_time\" content=\"2026-04-06T16:13:47+00:00\" \/>\n<meta name=\"twitter:card\" content=\"summary_large_image\" \/>\n<meta name=\"twitter:label1\" content=\"Gesch\u00e4tzte Lesezeit\" \/>\n\t<meta name=\"twitter:data1\" content=\"1\u00a0Minute\" \/>\n<script type=\"application\/ld+json\" class=\"yoast-schema-graph\">{\"@context\":\"https:\\\/\\\/schema.org\",\"@graph\":[{\"@type\":\"WebPage\",\"@id\":\"https:\\\/\\\/cafetarot.de\\\/?page_id=342\",\"url\":\"https:\\\/\\\/cafetarot.de\\\/?page_id=342\",\"name\":\"Legung buchen - Caf\u00e9 Tarot\",\"isPartOf\":{\"@id\":\"https:\\\/\\\/cafetarot.de\\\/#website\"},\"datePublished\":\"2024-06-19T19:18:53+00:00\",\"dateModified\":\"2026-04-06T16:13:47+00:00\",\"description\":\"Tarot - Caf\u00e9 Tarot - Mannheim - Heidelberg - Rhein-Neckar - Edingen-Neckarhausen - Legung buchen\",\"breadcrumb\":{\"@id\":\"https:\\\/\\\/cafetarot.de\\\/?page_id=342#breadcrumb\"},\"inLanguage\":\"de\",\"potentialAction\":[{\"@type\":\"ReadAction\",\"target\":[\"https:\\\/\\\/cafetarot.de\\\/?page_id=342\"]}]},{\"@type\":\"BreadcrumbList\",\"@id\":\"https:\\\/\\\/cafetarot.de\\\/?page_id=342#breadcrumb\",\"itemListElement\":[{\"@type\":\"ListItem\",\"position\":1,\"name\":\"Home\",\"item\":\"https:\\\/\\\/cafetarot.de\\\/\"},{\"@type\":\"ListItem\",\"position\":2,\"name\":\"Legung buchen\"}]},{\"@type\":\"WebSite\",\"@id\":\"https:\\\/\\\/cafetarot.de\\\/#website\",\"url\":\"https:\\\/\\\/cafetarot.de\\\/\",\"name\":\"Caf\u00e9 Tarot\",\"description\":\"\",\"publisher\":{\"@id\":\"https:\\\/\\\/cafetarot.de\\\/#organization\"},\"potentialAction\":[{\"@type\":\"SearchAction\",\"target\":{\"@type\":\"EntryPoint\",\"urlTemplate\":\"https:\\\/\\\/cafetarot.de\\\/?s={search_term_string}\"},\"query-input\":{\"@type\":\"PropertyValueSpecification\",\"valueRequired\":true,\"valueName\":\"search_term_string\"}}],\"inLanguage\":\"de\"},{\"@type\":\"Organization\",\"@id\":\"https:\\\/\\\/cafetarot.de\\\/#organization\",\"name\":\"Caf\u00e9 Tarot\",\"url\":\"https:\\\/\\\/cafetarot.de\\\/\",\"logo\":{\"@type\":\"ImageObject\",\"inLanguage\":\"de\",\"@id\":\"https:\\\/\\\/cafetarot.de\\\/#\\\/schema\\\/logo\\\/image\\\/\",\"url\":\"https:\\\/\\\/cafetarot.de\\\/wp-content\\\/uploads\\\/2024\\\/08\\\/cropped-cafetarot_logo-e1723819629969.png\",\"contentUrl\":\"https:\\\/\\\/cafetarot.de\\\/wp-content\\\/uploads\\\/2024\\\/08\\\/cropped-cafetarot_logo-e1723819629969.png\",\"width\":200,\"height\":78,\"caption\":\"Caf\u00e9 Tarot\"},\"image\":{\"@id\":\"https:\\\/\\\/cafetarot.de\\\/#\\\/schema\\\/logo\\\/image\\\/\"}}]}<\/script>\n<!-- \/ Yoast SEO plugin. -->","yoast_head_json":{"title":"Legung buchen - Caf\u00e9 Tarot","description":"Tarot - Caf\u00e9 Tarot - Mannheim - Heidelberg - Rhein-Neckar - Edingen-Neckarhausen - Legung buchen","robots":{"index":"index","follow":"follow","max-snippet":"max-snippet:-1","max-image-preview":"max-image-preview:large","max-video-preview":"max-video-preview:-1"},"canonical":"https:\/\/cafetarot.de\/?page_id=342","og_locale":"de_DE","og_type":"article","og_title":"Legung buchen - Caf\u00e9 Tarot","og_description":"Tarot - Caf\u00e9 Tarot - Mannheim - Heidelberg - Rhein-Neckar - Edingen-Neckarhausen - Legung buchen","og_url":"https:\/\/cafetarot.de\/?page_id=342","og_site_name":"Caf\u00e9 Tarot","article_modified_time":"2026-04-06T16:13:47+00:00","twitter_card":"summary_large_image","twitter_misc":{"Gesch\u00e4tzte Lesezeit":"1\u00a0Minute"},"schema":{"@context":"https:\/\/schema.org","@graph":[{"@type":"WebPage","@id":"https:\/\/cafetarot.de\/?page_id=342","url":"https:\/\/cafetarot.de\/?page_id=342","name":"Legung buchen - Caf\u00e9 Tarot","isPartOf":{"@id":"https:\/\/cafetarot.de\/#website"},"datePublished":"2024-06-19T19:18:53+00:00","dateModified":"2026-04-06T16:13:47+00:00","description":"Tarot - Caf\u00e9 Tarot - Mannheim - Heidelberg - Rhein-Neckar - Edingen-Neckarhausen - Legung buchen","breadcrumb":{"@id":"https:\/\/cafetarot.de\/?page_id=342#breadcrumb"},"inLanguage":"de","potentialAction":[{"@type":"ReadAction","target":["https:\/\/cafetarot.de\/?page_id=342"]}]},{"@type":"BreadcrumbList","@id":"https:\/\/cafetarot.de\/?page_id=342#breadcrumb","itemListElement":[{"@type":"ListItem","position":1,"name":"Home","item":"https:\/\/cafetarot.de\/"},{"@type":"ListItem","position":2,"name":"Legung buchen"}]},{"@type":"WebSite","@id":"https:\/\/cafetarot.de\/#website","url":"https:\/\/cafetarot.de\/","name":"Caf\u00e9 Tarot","description":"","publisher":{"@id":"https:\/\/cafetarot.de\/#organization"},"potentialAction":[{"@type":"SearchAction","target":{"@type":"EntryPoint","urlTemplate":"https:\/\/cafetarot.de\/?s={search_term_string}"},"query-input":{"@type":"PropertyValueSpecification","valueRequired":true,"valueName":"search_term_string"}}],"inLanguage":"de"},{"@type":"Organization","@id":"https:\/\/cafetarot.de\/#organization","name":"Caf\u00e9 Tarot","url":"https:\/\/cafetarot.de\/","logo":{"@type":"ImageObject","inLanguage":"de","@id":"https:\/\/cafetarot.de\/#\/schema\/logo\/image\/","url":"https:\/\/cafetarot.de\/wp-content\/uploads\/2024\/08\/cropped-cafetarot_logo-e1723819629969.png","contentUrl":"https:\/\/cafetarot.de\/wp-content\/uploads\/2024\/08\/cropped-cafetarot_logo-e1723819629969.png","width":200,"height":78,"caption":"Caf\u00e9 Tarot"},"image":{"@id":"https:\/\/cafetarot.de\/#\/schema\/logo\/image\/"}}]}},"_links":{"self":[{"href":"https:\/\/cafetarot.de\/index.php?rest_route=\/wp\/v2\/pages\/342","targetHints":{"allow":["GET"]}}],"collection":[{"href":"https:\/\/cafetarot.de\/index.php?rest_route=\/wp\/v2\/pages"}],"about":[{"href":"https:\/\/cafetarot.de\/index.php?rest_route=\/wp\/v2\/types\/page"}],"author":[{"embeddable":true,"href":"https:\/\/cafetarot.de\/index.php?rest_route=\/wp\/v2\/users\/1"}],"replies":[{"embeddable":true,"href":"https:\/\/cafetarot.de\/index.php?rest_route=%2Fwp%2Fv2%2Fcomments&post=342"}],"version-history":[{"count":89,"href":"https:\/\/cafetarot.de\/index.php?rest_route=\/wp\/v2\/pages\/342\/revisions"}],"predecessor-version":[{"id":875,"href":"https:\/\/cafetarot.de\/index.php?rest_route=\/wp\/v2\/pages\/342\/revisions\/875"}],"wp:attachment":[{"href":"https:\/\/cafetarot.de\/index.php?rest_route=%2Fwp%2Fv2%2Fmedia&parent=342"}],"curies":[{"name":"wp","href":"https:\/\/api.w.org\/{rel}","templated":true}]}}