{"id":233,"date":"2024-03-28T21:15:22","date_gmt":"2024-03-28T20:15:22","guid":{"rendered":"https:\/\/cafetarot.de\/?page_id=233"},"modified":"2024-08-29T08:19:08","modified_gmt":"2024-08-29T06:19:08","slug":"elementor-233","status":"publish","type":"page","link":"https:\/\/cafetarot.de\/?page_id=233","title":{"rendered":"Das Tarot"},"content":{"rendered":"\t\t<div data-elementor-type=\"wp-page\" data-elementor-id=\"233\" class=\"elementor elementor-233\">\n\t\t\t\t\t\t<section class=\"elementor-section elementor-top-section elementor-element elementor-element-ce1476f elementor-section-boxed elementor-section-height-default elementor-section-height-default\" data-id=\"ce1476f\" data-element_type=\"section\">\n\t\t\t\t\t\t<div class=\"elementor-container elementor-column-gap-default\">\n\t\t\t\t\t<div class=\"aux-parallax-section elementor-column elementor-col-100 elementor-top-column elementor-element elementor-element-4ecc94c\" data-id=\"4ecc94c\" data-element_type=\"column\">\n\t\t\t<div class=\"elementor-widget-wrap elementor-element-populated\">\n\t\t\t\t\t\t<div class=\"elementor-element elementor-element-d9165a0 aux-appear-watch-animation aux-fade-in-up elementor-widget elementor-widget-aux_modern_heading\" data-id=\"d9165a0\" data-element_type=\"widget\" data-widget_type=\"aux_modern_heading.default\">\n\t\t\t\t<div class=\"elementor-widget-container\">\n\t\t\t\t\t<section class=\"aux-widget-modern-heading\">\n            <div class=\"aux-widget-inner\"><h2 class=\"aux-modern-heading-primary\">Das Tarot<\/h2><div class=\"aux-modern-heading-description\"><p><span style=\"font-size: x-large\">Soweit man wei\u00df, entstand das Tarot mit dem Drucken von Papier in China im 9. Jahrhundert.<\/span><\/p><p><span style=\"font-size: x-large\">Um das 14. Jahrhundert kamen die Karten in der T\u00fcrkei, dort dann auch mit den klassischen Symbolen der Kelche, M\u00fcnzen, St\u00e4be und Schwerter, an.<\/span><\/p><p><span style=\"font-size: x-large\">Schlie\u00dflich ist bekannt, dass im 15. Jahrhundert die reichen Familien in Italien eigene Kartendecks f\u00fcr die Familie bei den K\u00fcnstlern der Zeit in Auftrag gaben. Dort waren auch Familienmitglieder abgebildet. Hier entstand das Tarot, so wie wir es heute noch kennen.<\/span><\/p><p><span style=\"font-size: x-large\">Sp\u00e4ter im 17. Jahrhundert ging es in Frankreich mit den Karten weiter. Es entstand das erste Marseille-Tarot-Deck.<\/span><\/p><p><span style=\"font-size: x-large\">Das heute bekannteste Tarot ist das Raider-Waite-Tarot, welches im 20. Jahrhundert entstand.<\/span><\/p><p><span style=\"font-size: x-large\">Das heutige Tarot besteht klassisch aus 78 Karten.<\/span><\/p><p><span style=\"font-size: x-large\">Man kann mit ihnen psychologisch arbeiten oder durch sie Zukunftstendenzen erfahren.<\/span><\/p><p><span style=\"font-size: x-large\">Das Tarot besteht aus der gro\u00dfen und der kleinen Arkana.<\/span><\/p><p><span style=\"font-size: x-large\">Arkanum bedeutet Geheimnis oder Mysterium.<\/span><\/p><p><span style=\"font-size: x-large\">Die gro\u00dfe Arkana besteht aus 22 Karten. Sie beschreiben die Reifung unserer Seele.<\/span><\/p><\/div><\/div>\n        <\/section>\t\t\t\t<\/div>\n\t\t\t\t<\/div>\n\t\t\t\t\t<\/div>\n\t\t<\/div>\n\t\t\t\t\t<\/div>\n\t\t<\/section>\n\t\t\t\t<section class=\"elementor-section elementor-top-section elementor-element elementor-element-9dd1fd5 elementor-section-boxed elementor-section-height-default elementor-section-height-default\" data-id=\"9dd1fd5\" data-element_type=\"section\">\n\t\t\t\t\t\t<div class=\"elementor-container elementor-column-gap-default\">\n\t\t\t\t\t<div class=\"aux-parallax-section elementor-column elementor-col-100 elementor-top-column elementor-element elementor-element-51284be\" data-id=\"51284be\" data-element_type=\"column\">\n\t\t\t<div class=\"elementor-widget-wrap elementor-element-populated\">\n\t\t\t\t\t\t<div class=\"elementor-element elementor-element-fea45b4 elementor-widget elementor-widget-text-editor\" data-id=\"fea45b4\" data-element_type=\"widget\" data-widget_type=\"text-editor.default\">\n\t\t\t\t<div class=\"elementor-widget-container\">\n\t\t\t\t\t\t\t\t\t<blockquote><p><i>Zitat: \u201eDie Karten sind ein guter Diener, aber ein schlechter Herr!\u201c<\/i><strong> \u00a0<\/strong><strong><b>(Hajo Banzhaf, 1949- 2009)<\/b><\/strong><\/p><\/blockquote>\t\t\t\t\t\t\t\t<\/div>\n\t\t\t\t<\/div>\n\t\t\t\t\t<\/div>\n\t\t<\/div>\n\t\t\t\t\t<\/div>\n\t\t<\/section>\n\t\t\t\t<section class=\"elementor-section elementor-top-section elementor-element elementor-element-2bcef79 elementor-section-boxed elementor-section-height-default elementor-section-height-default\" data-id=\"2bcef79\" data-element_type=\"section\">\n\t\t\t\t\t\t<div class=\"elementor-container elementor-column-gap-default\">\n\t\t\t\t\t<div class=\"aux-parallax-section elementor-column elementor-col-100 elementor-top-column elementor-element elementor-element-4f8c013\" data-id=\"4f8c013\" data-element_type=\"column\">\n\t\t\t<div class=\"elementor-widget-wrap elementor-element-populated\">\n\t\t\t\t\t\t<div class=\"elementor-element elementor-element-2f5004c aux-appear-watch-animation aux-fade-in-up elementor-widget elementor-widget-aux_modern_heading\" data-id=\"2f5004c\" data-element_type=\"widget\" data-widget_type=\"aux_modern_heading.default\">\n\t\t\t\t<div class=\"elementor-widget-container\">\n\t\t\t\t\t<section class=\"aux-widget-modern-heading\">\n            <div class=\"aux-widget-inner\"><h2 class=\"aux-modern-heading-primary\"><\/h2><div class=\"aux-modern-heading-description\"><p><span style=\"font-size: x-large\">Man nennt diesen Prozess der Seele auch \u201edie Heldenreise.\u201c.<\/span><\/p><p><span style=\"font-size: x-large\">Vom Narren, der die 0 tr\u00e4gt, bis zur Welt, die mit der Zahl 21 dargestellt wird, stellen die 22 Karten die gro\u00dfen Lebensereignisse dar.<\/span><\/p><p><span style=\"font-size: x-large\">Die 56 Karten der kleinen Arkana zeigen den Umgang mit den jeweiligen Situationen.<\/span><\/p><p><span style=\"font-size: x-large\">Also wie f\u00fchlen wir uns mit den jeweiligen Ereignissen? Wie gehen wir mit der Situation um?<\/span><\/p><p><span style=\"font-size: x-large\">Die Elemente der Karten weisen auf die Art der Aufgabe hin. Au\u00dferdem zeigen sie, welcher Lebensbereich gerade angesprochen wird.<\/span><\/p><p><span style=\"font-size: x-large\">Die Kelche stehen mit dem Element Wasser f\u00fcr unsere Gef\u00fchle, unsere Intuition und f\u00fcr Beziehungen.<\/span><\/p><p><span style=\"font-size: x-large\">Die M\u00fcnzen verk\u00f6rpern das Element Erde und stehen f\u00fcr die materielle Welt, also k\u00f6rperliche Themen, Geld und Beruf.<\/span><\/p><p><span style=\"font-size: x-large\">Die St\u00e4be sind mit dem Element Feuer verbunden und stehen f\u00fcr das Handeln, die Durchsetzungskraft und unsere Leidenschaft.<\/span><\/p><p><span style=\"font-size: x-large\">Die Schwerter repr\u00e4sentieren das Element Luft und stehen damit f\u00fcr die Gedankenebene und den Verstand.<\/span><\/p><p><span style=\"font-size: x-large\">Ich glaube wir alle tragen Antworten auf unsere Lebensfragen in uns.<\/span><\/p><\/div><\/div>\n        <\/section>\t\t\t\t<\/div>\n\t\t\t\t<\/div>\n\t\t\t\t\t<\/div>\n\t\t<\/div>\n\t\t\t\t\t<\/div>\n\t\t<\/section>\n\t\t\t\t<section class=\"elementor-section elementor-top-section elementor-element elementor-element-31e2996 elementor-section-boxed elementor-section-height-default elementor-section-height-default\" data-id=\"31e2996\" data-element_type=\"section\">\n\t\t\t\t\t\t<div class=\"elementor-container elementor-column-gap-default\">\n\t\t\t\t\t<div class=\"aux-parallax-section elementor-column elementor-col-100 elementor-top-column elementor-element elementor-element-9fe3e15\" data-id=\"9fe3e15\" data-element_type=\"column\">\n\t\t\t<div class=\"elementor-widget-wrap elementor-element-populated\">\n\t\t\t\t\t\t<div class=\"elementor-element elementor-element-1603028 aux-appear-watch-animation aux-fade-in-up elementor-widget elementor-widget-aux_modern_heading\" data-id=\"1603028\" data-element_type=\"widget\" data-widget_type=\"aux_modern_heading.default\">\n\t\t\t\t<div class=\"elementor-widget-container\">\n\t\t\t\t\t<section class=\"aux-widget-modern-heading\">\n            <div class=\"aux-widget-inner\"><h2 class=\"aux-modern-heading-primary\"><\/h2><div class=\"aux-modern-heading-description\"><p><span style=\"font-size: x-large\">Durch die Verwendung von Tarotkarten haben wir eine direkte Verbindung zu unserem h\u00f6herem Selbst.<\/span><\/p><p><span style=\"font-size: x-large\">Es geht dabei weniger um Wahrsagungen, sondern mehr darum, die Karten zur Selbstfindung zu nutzen.<\/span><\/p><p><span style=\"font-size: x-large\">Ich verbinde mich dabei mit deiner Energie und den Antworten, die f\u00fcr dich zur Verf\u00fcgung stehen.<\/span><\/p><p><span style=\"font-size: x-large\">Durch die h\u00f6here lichtvolle Welt lasse ich mich dabei durch deine Heldenreise f\u00fchren, und die Karten erz\u00e4hlen uns deine Geschichte.<\/span><\/p><\/div><\/div>\n        <\/section>\t\t\t\t<\/div>\n\t\t\t\t<\/div>\n\t\t\t\t\t<\/div>\n\t\t<\/div>\n\t\t\t\t\t<\/div>\n\t\t<\/section>\n\t\t\t\t<section class=\"elementor-section elementor-top-section elementor-element elementor-element-1783737 elementor-section-boxed elementor-section-height-default elementor-section-height-default\" data-id=\"1783737\" data-element_type=\"section\">\n\t\t\t\t\t\t<div class=\"elementor-container elementor-column-gap-default\">\n\t\t\t\t\t<div class=\"aux-parallax-section elementor-column elementor-col-100 elementor-top-column elementor-element elementor-element-424d834\" data-id=\"424d834\" data-element_type=\"column\">\n\t\t\t<div class=\"elementor-widget-wrap elementor-element-populated\">\n\t\t\t\t\t\t<div class=\"elementor-element elementor-element-31dea69 elementor-widget elementor-widget-image\" data-id=\"31dea69\" data-element_type=\"widget\" data-widget_type=\"image.default\">\n\t\t\t\t<div class=\"elementor-widget-container\">\n\t\t\t\t\t\t\t\t\t\t\t\t\t\t\t<img decoding=\"async\" src=\"https:\/\/cafetarot.de\/wp-content\/uploads\/elementor\/thumbs\/MG_0508sw-scaled-qq5a3shlxslj39k3hlfsrc67we3a7nf8b8920g2osi.jpg\" title=\"_MG_0508sw\" alt=\"_MG_0508sw\" loading=\"lazy\" \/>\t\t\t\t\t\t\t\t\t\t\t\t\t\t\t<\/div>\n\t\t\t\t<\/div>\n\t\t\t\t\t<\/div>\n\t\t<\/div>\n\t\t\t\t\t<\/div>\n\t\t<\/section>\n\t\t\t\t<\/div>\n\t\t","protected":false},"excerpt":{"rendered":"<p>Das Tarot Soweit man wei\u00df, entstand das Tarot mit dem Drucken von Papier in China im 9. Jahrhundert. Um das 14. Jahrhundert kamen die Karten in der T\u00fcrkei, dort dann auch mit den klassischen Symbolen der Kelche, M\u00fcnzen, St\u00e4be und Schwerter, an. Schlie\u00dflich ist bekannt, dass im 15. Jahrhundert die reichen Familien in Italien eigene [&hellip;]<\/p>\n","protected":false},"author":1,"featured_media":0,"parent":0,"menu_order":0,"comment_status":"closed","ping_status":"closed","template":"","meta":{"footnotes":""},"class_list":["post-233","page","type-page","status-publish","hentry"],"yoast_head":"<!-- This site is optimized with the Yoast SEO plugin v27.3 - https:\/\/yoast.com\/product\/yoast-seo-wordpress\/ -->\n<title>Das Tarot - Caf\u00e9 Tarot<\/title>\n<meta name=\"description\" content=\"Tarot - Caf\u00e9 Tarot - Mannheim - Heidelberg - Rhein-Neckar - Edingen-Neckarhausen - Legung buchen\" \/>\n<meta name=\"robots\" content=\"index, follow, max-snippet:-1, max-image-preview:large, max-video-preview:-1\" \/>\n<link rel=\"canonical\" href=\"https:\/\/cafetarot.de\/?page_id=233\" \/>\n<meta property=\"og:locale\" content=\"de_DE\" \/>\n<meta property=\"og:type\" content=\"article\" \/>\n<meta property=\"og:title\" content=\"Das Tarot - Caf\u00e9 Tarot\" \/>\n<meta property=\"og:description\" content=\"Tarot - Caf\u00e9 Tarot - Mannheim - Heidelberg - Rhein-Neckar - Edingen-Neckarhausen - Legung buchen\" \/>\n<meta property=\"og:url\" content=\"https:\/\/cafetarot.de\/?page_id=233\" \/>\n<meta property=\"og:site_name\" content=\"Caf\u00e9 Tarot\" \/>\n<meta property=\"article:modified_time\" content=\"2024-08-29T06:19:08+00:00\" \/>\n<meta property=\"og:image\" content=\"https:\/\/cafetarot.de\/wp-content\/uploads\/elementor\/thumbs\/MG_0508sw-scaled-qq5a3shlxslj39k3hlfsrc67we3a7nf8b8920g2oss.jpg\" \/>\n<meta name=\"twitter:card\" content=\"summary_large_image\" \/>\n<meta name=\"twitter:label1\" content=\"Gesch\u00e4tzte Lesezeit\" \/>\n\t<meta name=\"twitter:data1\" content=\"3\u00a0Minuten\" \/>\n<script type=\"application\/ld+json\" class=\"yoast-schema-graph\">{\"@context\":\"https:\\\/\\\/schema.org\",\"@graph\":[{\"@type\":\"WebPage\",\"@id\":\"https:\\\/\\\/cafetarot.de\\\/?page_id=233\",\"url\":\"https:\\\/\\\/cafetarot.de\\\/?page_id=233\",\"name\":\"Das Tarot - Caf\u00e9 Tarot\",\"isPartOf\":{\"@id\":\"https:\\\/\\\/cafetarot.de\\\/#website\"},\"primaryImageOfPage\":{\"@id\":\"https:\\\/\\\/cafetarot.de\\\/?page_id=233#primaryimage\"},\"image\":{\"@id\":\"https:\\\/\\\/cafetarot.de\\\/?page_id=233#primaryimage\"},\"thumbnailUrl\":\"https:\\\/\\\/cafetarot.de\\\/wp-content\\\/uploads\\\/elementor\\\/thumbs\\\/MG_0508sw-scaled-qq5a3shlxslj39k3hlfsrc67we3a7nf8b8920g2oss.jpg\",\"datePublished\":\"2024-03-28T20:15:22+00:00\",\"dateModified\":\"2024-08-29T06:19:08+00:00\",\"description\":\"Tarot - Caf\u00e9 Tarot - Mannheim - Heidelberg - Rhein-Neckar - Edingen-Neckarhausen - Legung buchen\",\"breadcrumb\":{\"@id\":\"https:\\\/\\\/cafetarot.de\\\/?page_id=233#breadcrumb\"},\"inLanguage\":\"de\",\"potentialAction\":[{\"@type\":\"ReadAction\",\"target\":[\"https:\\\/\\\/cafetarot.de\\\/?page_id=233\"]}]},{\"@type\":\"ImageObject\",\"inLanguage\":\"de\",\"@id\":\"https:\\\/\\\/cafetarot.de\\\/?page_id=233#primaryimage\",\"url\":\"https:\\\/\\\/cafetarot.de\\\/wp-content\\\/uploads\\\/elementor\\\/thumbs\\\/MG_0508sw-scaled-qq5a3shlxslj39k3hlfsrc67we3a7nf8b8920g2oss.jpg\",\"contentUrl\":\"https:\\\/\\\/cafetarot.de\\\/wp-content\\\/uploads\\\/elementor\\\/thumbs\\\/MG_0508sw-scaled-qq5a3shlxslj39k3hlfsrc67we3a7nf8b8920g2oss.jpg\"},{\"@type\":\"BreadcrumbList\",\"@id\":\"https:\\\/\\\/cafetarot.de\\\/?page_id=233#breadcrumb\",\"itemListElement\":[{\"@type\":\"ListItem\",\"position\":1,\"name\":\"Home\",\"item\":\"https:\\\/\\\/cafetarot.de\\\/\"},{\"@type\":\"ListItem\",\"position\":2,\"name\":\"Das Tarot\"}]},{\"@type\":\"WebSite\",\"@id\":\"https:\\\/\\\/cafetarot.de\\\/#website\",\"url\":\"https:\\\/\\\/cafetarot.de\\\/\",\"name\":\"Caf\u00e9 Tarot\",\"description\":\"\",\"publisher\":{\"@id\":\"https:\\\/\\\/cafetarot.de\\\/#organization\"},\"potentialAction\":[{\"@type\":\"SearchAction\",\"target\":{\"@type\":\"EntryPoint\",\"urlTemplate\":\"https:\\\/\\\/cafetarot.de\\\/?s={search_term_string}\"},\"query-input\":{\"@type\":\"PropertyValueSpecification\",\"valueRequired\":true,\"valueName\":\"search_term_string\"}}],\"inLanguage\":\"de\"},{\"@type\":\"Organization\",\"@id\":\"https:\\\/\\\/cafetarot.de\\\/#organization\",\"name\":\"Caf\u00e9 Tarot\",\"url\":\"https:\\\/\\\/cafetarot.de\\\/\",\"logo\":{\"@type\":\"ImageObject\",\"inLanguage\":\"de\",\"@id\":\"https:\\\/\\\/cafetarot.de\\\/#\\\/schema\\\/logo\\\/image\\\/\",\"url\":\"https:\\\/\\\/cafetarot.de\\\/wp-content\\\/uploads\\\/2024\\\/08\\\/cropped-cafetarot_logo-e1723819629969.png\",\"contentUrl\":\"https:\\\/\\\/cafetarot.de\\\/wp-content\\\/uploads\\\/2024\\\/08\\\/cropped-cafetarot_logo-e1723819629969.png\",\"width\":200,\"height\":78,\"caption\":\"Caf\u00e9 Tarot\"},\"image\":{\"@id\":\"https:\\\/\\\/cafetarot.de\\\/#\\\/schema\\\/logo\\\/image\\\/\"}}]}<\/script>\n<!-- \/ Yoast SEO plugin. -->","yoast_head_json":{"title":"Das Tarot - Caf\u00e9 Tarot","description":"Tarot - Caf\u00e9 Tarot - Mannheim - Heidelberg - Rhein-Neckar - Edingen-Neckarhausen - Legung buchen","robots":{"index":"index","follow":"follow","max-snippet":"max-snippet:-1","max-image-preview":"max-image-preview:large","max-video-preview":"max-video-preview:-1"},"canonical":"https:\/\/cafetarot.de\/?page_id=233","og_locale":"de_DE","og_type":"article","og_title":"Das Tarot - Caf\u00e9 Tarot","og_description":"Tarot - Caf\u00e9 Tarot - Mannheim - Heidelberg - Rhein-Neckar - Edingen-Neckarhausen - Legung buchen","og_url":"https:\/\/cafetarot.de\/?page_id=233","og_site_name":"Caf\u00e9 Tarot","article_modified_time":"2024-08-29T06:19:08+00:00","og_image":[{"url":"https:\/\/cafetarot.de\/wp-content\/uploads\/elementor\/thumbs\/MG_0508sw-scaled-qq5a3shlxslj39k3hlfsrc67we3a7nf8b8920g2oss.jpg","type":"","width":"","height":""}],"twitter_card":"summary_large_image","twitter_misc":{"Gesch\u00e4tzte Lesezeit":"3\u00a0Minuten"},"schema":{"@context":"https:\/\/schema.org","@graph":[{"@type":"WebPage","@id":"https:\/\/cafetarot.de\/?page_id=233","url":"https:\/\/cafetarot.de\/?page_id=233","name":"Das Tarot - Caf\u00e9 Tarot","isPartOf":{"@id":"https:\/\/cafetarot.de\/#website"},"primaryImageOfPage":{"@id":"https:\/\/cafetarot.de\/?page_id=233#primaryimage"},"image":{"@id":"https:\/\/cafetarot.de\/?page_id=233#primaryimage"},"thumbnailUrl":"https:\/\/cafetarot.de\/wp-content\/uploads\/elementor\/thumbs\/MG_0508sw-scaled-qq5a3shlxslj39k3hlfsrc67we3a7nf8b8920g2oss.jpg","datePublished":"2024-03-28T20:15:22+00:00","dateModified":"2024-08-29T06:19:08+00:00","description":"Tarot - Caf\u00e9 Tarot - Mannheim - Heidelberg - Rhein-Neckar - Edingen-Neckarhausen - Legung buchen","breadcrumb":{"@id":"https:\/\/cafetarot.de\/?page_id=233#breadcrumb"},"inLanguage":"de","potentialAction":[{"@type":"ReadAction","target":["https:\/\/cafetarot.de\/?page_id=233"]}]},{"@type":"ImageObject","inLanguage":"de","@id":"https:\/\/cafetarot.de\/?page_id=233#primaryimage","url":"https:\/\/cafetarot.de\/wp-content\/uploads\/elementor\/thumbs\/MG_0508sw-scaled-qq5a3shlxslj39k3hlfsrc67we3a7nf8b8920g2oss.jpg","contentUrl":"https:\/\/cafetarot.de\/wp-content\/uploads\/elementor\/thumbs\/MG_0508sw-scaled-qq5a3shlxslj39k3hlfsrc67we3a7nf8b8920g2oss.jpg"},{"@type":"BreadcrumbList","@id":"https:\/\/cafetarot.de\/?page_id=233#breadcrumb","itemListElement":[{"@type":"ListItem","position":1,"name":"Home","item":"https:\/\/cafetarot.de\/"},{"@type":"ListItem","position":2,"name":"Das Tarot"}]},{"@type":"WebSite","@id":"https:\/\/cafetarot.de\/#website","url":"https:\/\/cafetarot.de\/","name":"Caf\u00e9 Tarot","description":"","publisher":{"@id":"https:\/\/cafetarot.de\/#organization"},"potentialAction":[{"@type":"SearchAction","target":{"@type":"EntryPoint","urlTemplate":"https:\/\/cafetarot.de\/?s={search_term_string}"},"query-input":{"@type":"PropertyValueSpecification","valueRequired":true,"valueName":"search_term_string"}}],"inLanguage":"de"},{"@type":"Organization","@id":"https:\/\/cafetarot.de\/#organization","name":"Caf\u00e9 Tarot","url":"https:\/\/cafetarot.de\/","logo":{"@type":"ImageObject","inLanguage":"de","@id":"https:\/\/cafetarot.de\/#\/schema\/logo\/image\/","url":"https:\/\/cafetarot.de\/wp-content\/uploads\/2024\/08\/cropped-cafetarot_logo-e1723819629969.png","contentUrl":"https:\/\/cafetarot.de\/wp-content\/uploads\/2024\/08\/cropped-cafetarot_logo-e1723819629969.png","width":200,"height":78,"caption":"Caf\u00e9 Tarot"},"image":{"@id":"https:\/\/cafetarot.de\/#\/schema\/logo\/image\/"}}]}},"_links":{"self":[{"href":"https:\/\/cafetarot.de\/index.php?rest_route=\/wp\/v2\/pages\/233","targetHints":{"allow":["GET"]}}],"collection":[{"href":"https:\/\/cafetarot.de\/index.php?rest_route=\/wp\/v2\/pages"}],"about":[{"href":"https:\/\/cafetarot.de\/index.php?rest_route=\/wp\/v2\/types\/page"}],"author":[{"embeddable":true,"href":"https:\/\/cafetarot.de\/index.php?rest_route=\/wp\/v2\/users\/1"}],"replies":[{"embeddable":true,"href":"https:\/\/cafetarot.de\/index.php?rest_route=%2Fwp%2Fv2%2Fcomments&post=233"}],"version-history":[{"count":77,"href":"https:\/\/cafetarot.de\/index.php?rest_route=\/wp\/v2\/pages\/233\/revisions"}],"predecessor-version":[{"id":828,"href":"https:\/\/cafetarot.de\/index.php?rest_route=\/wp\/v2\/pages\/233\/revisions\/828"}],"wp:attachment":[{"href":"https:\/\/cafetarot.de\/index.php?rest_route=%2Fwp%2Fv2%2Fmedia&parent=233"}],"curies":[{"name":"wp","href":"https:\/\/api.w.org\/{rel}","templated":true}]}}